{"id":4679,"date":"2020-11-27T13:49:31","date_gmt":"2020-11-27T10:49:31","guid":{"rendered":"https:\/\/tort-krk.pl\/?post_type=product&#038;p=4679"},"modified":"2025-10-13T12:51:54","modified_gmt":"2025-10-13T09:51:54","slug":"tort-z-nadrukiem","status":"publish","type":"product","link":"https:\/\/tort-krk.pl\/ua\/product\/%d1%82%d0%be%d1%80%d1%82-%d0%b7-%d0%bf%d1%80%d0%b8%d0%bd%d1%82%d0%be%d0%bc\/","title":{"rendered":"\u0422\u043e\u0440\u0442 \u0437 \u043f\u0440\u0438\u043d\u0442\u043e\u043c"},"content":{"rendered":"<p>\u0422\u043e\u0440\u0442 \u0456\u0437 \u0434\u0440\u0443\u043a\u043e\u043c \u0437\u0430 \u0437\u0430\u0432\u0430\u043d\u0442\u0430\u0436\u0435\u043d\u0438\u043c<br \/>\n\u0437\u043e\u0431\u0440\u0430\u0436\u0435\u043d\u043d\u044f\u043c \u0432\u0438\u043a\u043e\u043d\u0443\u0454\u0442\u044c\u0441\u044f \u043d\u0430<br \/>\n\u0457\u0441\u0442\u0456\u0432\u043d\u043e\u043c\u0443 \u043f\u0430\u043f\u0435\u0440\u0456.<\/p>\n<p>\u041f\u0456\u0434 \u0447\u0430\u0441 \u043e\u0444\u043e\u0440\u043c\u043b\u0435\u043d\u043d\u044f \u0437\u0430\u043c\u043e\u0432\u043b\u0435\u043d\u043d\u044f \u0432\u0438<br \/>\n\u043c\u043e\u0436\u0435\u0442\u0435 \u043e\u0431\u0440\u0430\u0442\u0438 \u0441\u043c\u0430\u043a \u0442\u043e\u0440\u0442\u0430, \u0449\u043e\u0431<br \/>\n\u0441\u0442\u0432\u043e\u0440\u0438\u0442\u0438 \u0434\u0435\u0441\u0435\u0440\u0442, \u044f\u043a\u0438\u0439 \u0432\u0456\u0434\u043f\u043e\u0432\u0456\u0434\u0430\u0442\u0438\u043c\u0435<br \/>\n\u0432\u0430\u0448\u0438\u043c \u0443\u043f\u043e\u0434\u043e\u0431\u0430\u043d\u043d\u044f\u043c.<\/p>","protected":false},"excerpt":{"rendered":"<p>\u0422\u043e\u0440\u0442 \u0456\u0437 \u0434\u0440\u0443\u043a\u043e\u043c \u0437\u0430 \u0437\u0430\u0432\u0430\u043d\u0442\u0430\u0436\u0435\u043d\u0438\u043c \u0437\u043e\u0431\u0440\u0430\u0436\u0435\u043d\u043d\u044f\u043c \u0432\u0438\u043a\u043e\u043d\u0443\u0454\u0442\u044c\u0441\u044f \u043d\u0430 \u0457\u0441\u0442\u0456\u0432\u043d\u043e\u043c\u0443 \u043f\u0430\u043f\u0435\u0440\u0456. \u041f\u0456\u0434 \u0447\u0430\u0441 \u043e\u0444\u043e\u0440\u043c\u043b\u0435\u043d\u043d\u044f \u0437\u0430\u043c\u043e\u0432\u043b\u0435\u043d\u043d\u044f \u0432\u0438 \u043c\u043e\u0436\u0435\u0442\u0435 \u043e\u0431\u0440\u0430\u0442\u0438 \u0441\u043c\u0430\u043a \u0442\u043e\u0440\u0442\u0430, \u0449\u043e\u0431 \u0441\u0442\u0432\u043e\u0440\u0438\u0442\u0438 \u0434\u0435\u0441\u0435\u0440\u0442, \u044f\u043a\u0438\u0439 \u0432\u0456\u0434\u043f\u043e\u0432\u0456\u0434\u0430\u0442\u0438\u043c\u0435 \u0432\u0430\u0448\u0438\u043c \u0443\u043f\u043e\u0434\u043e\u0431\u0430\u043d\u043d\u044f\u043c.<\/p>\n","protected":false},"featured_media":4500,"template":"","meta":{"_acf_changed":false},"product_cat":[350,46,45,40],"product_tag":[],"yst_prominent_words":[],"acf":[],"wcpa_form_fields":{"rules":{"pric_overide_base_price":false,"pric_overide_base_price_if_gt_zero":false,"pric_cal_option_once":false,"pric_use_as_fee":false,"bind_quantity":false,"quantity_bind_formula":false},"fields":[{"type":"checkbox-group","elementId":"wcpa-checkbox-group-6166b4038bd44","label":"","priceOptions":"different_for_all","pricingType":"fixed","name":"checkbox-group-6166b4038bd56","cl_rule":"show","col":"3","values":[{"label":"\u041d\u0430\u043f\u0438\u0441 \u043d\u0430 \u0442\u043e\u0440\u0442\u0456","value":"option-1","price":"3","pimage":"","pimage_id":"","pthumb":""}],"relations":false,"form_id":5439,"form_rules":{"pric_cal_option_once":false,"exclude_from_discount":false,"pric_use_as_fee":false,"fee_label":"Fee","render_after_acb":false,"disp_hide_options_price":false}},{"type":"text","elementId":"wcpa-text-6166b4038bd61","label":"","placeholder":"\u0422\u0435\u043a\u0441\u0442","enablePrice":true,"pricingType":"fixed","price":"5","name":"text-6166b4038bd6a","subtype":"text","maxlength":"30","enableCl":true,"cl_rule":"show","cl_val":"option-1","col":"3","relations":[{"operator":false,"rules":[{"operator":false,"rules":{"cl_field":"wcpa-checkbox-group-6166b4038bd44","cl_relation":"is","cl_val":{"i":"0","value":"option-1"}}}]}],"form_id":5439,"form_rules":{"pric_cal_option_once":false,"exclude_from_discount":false,"pric_use_as_fee":false,"fee_label":"Fee","render_after_acb":false,"disp_hide_options_price":false}},{"type":"checkbox-group","required":true,"elementId":"wcpa-checkbox-group-6166b4038bd75","label":"","priceOptions":"different_for_all","pricingType":"fixed","name":"checkbox-group-6166b4038bd7f","cl_rule":"show","col":6,"values":[{"label":"\u0414\u043e\u0434\u0430\u0442\u0438 \u0444\u043e\u0442\u043e","value":"option-1","price":"","pimage":"","pimage_id":"","pthumb":""}],"relations":false,"form_id":5439,"form_rules":{"pric_cal_option_once":false,"exclude_from_discount":false,"pric_use_as_fee":false,"fee_label":"Fee","render_after_acb":false,"disp_hide_options_price":false}},{"type":"file","required":true,"elementId":"wcpa-file-6166b4038bd88","label":"","description":"\u041c\u0430\u043a\u0441\u0438\u043c\u0430\u043b\u044c\u043d\u0438\u0439 \u0440\u043e\u0437\u043c\u0456\u0440 \u0444\u0430\u0439\u043b\u0443 (5 \u041c\u0411)","placeholder":"jpg","pricingType":"fixed","price":"50","ajax_upload":true,"uploadsize":"5","name":"file-6166b4038bd90","enableCl":true,"cl_rule":"show","cl_val":"option-1","col":6,"relations":[{"operator":false,"rules":[{"operator":false,"rules":{"cl_field":"wcpa-checkbox-group-6166b4038bd75","cl_relation":"is","cl_val":{"i":"0","value":"option-1"}}}]}],"form_id":5439,"form_rules":{"pric_cal_option_once":false,"exclude_from_discount":false,"pric_use_as_fee":false,"fee_label":"Fee","render_after_acb":false,"disp_hide_options_price":false}},{"type":"select","required":true,"elementId":"wcpa-select-6166b4038bd99","label":"","placeholder":"\u0424\u043e\u0440\u043c\u0430 \u0444\u043e\u0442\u043e","priceOptions":"different_for_all","pricingType":"fixed","name":"select-6166b4038bda2","enableCl":true,"cl_rule":"show","cl_val":"option-1","col":"3","values":[{"label":"\u041a\u0432\u0430\u0434\u0440\u0430\u0442\u043d\u0438\u0439","value":"option-2","price":"20","pimage":"","pimage_id":"","pthumb":""},{"label":"\u041a\u0440\u0443\u0433\u043b\u0438\u0439","value":"option-1","price":"40","pimage":"","pimage_id":"","pthumb":""},{"label":"\u041f\u0440\u044f\u043c\u043e\u043a\u0443\u0442\u043d\u0438\u0439","value":"option-3","price":"","pimage":"","pimage_id":"","pthumb":""}],"relations":[{"operator":false,"rules":[{"operator":false,"rules":{"cl_field":"wcpa-checkbox-group-6166b4038bd75","cl_relation":"is","cl_val":{"i":"0","value":"option-1"}}}]}],"form_id":5439,"form_rules":{"pric_cal_option_once":false,"exclude_from_discount":false,"pric_use_as_fee":false,"fee_label":"Fee","render_after_acb":false,"disp_hide_options_price":false}},{"type":"select","required":true,"elementId":"wcpa-select-6166b4038bdab","label":"","placeholder":"\u0420\u043e\u0437\u043c\u0456\u0440 \u0444\u043e\u0442\u043e\u0433\u0440\u0430\u0444\u0456\u0457","enablePrice":true,"priceOptions":"different_for_all","pricingType":"fixed","name":"select-6166b4038bdb3","enableCl":true,"cl_rule":"show","cl_val":"option-1","col":"3","values":[{"label":"\u04104","value":"option-2","price":"35","pimage":"","pimage_id":"","pthumb":"","selected":true},{"label":"\u04103","value":"option-1","price":"50","pimage":"","pimage_id":"","pthumb":""}],"relations":[{"operator":false,"rules":[{"operator":false,"rules":{"cl_field":"wcpa-checkbox-group-6166b4038bd75","cl_relation":"is","cl_val":{"i":"0","value":"option-1"}}}]}],"form_id":5439,"form_rules":{"pric_cal_option_once":false,"exclude_from_discount":false,"pric_use_as_fee":false,"fee_label":"Fee","render_after_acb":false,"disp_hide_options_price":false}},{"type":"checkbox-group","elementId":"wcpa-checkbox-group-6166b4038bdbe","label":"","priceOptions":"different_for_all","pricingType":"fixed","name":"checkbox-group-6166b4038bdc8","cl_rule":"show","col":"3","values":[{"label":"\u0421\u0432\u0456\u0447\u043a\u0438 \u0443 \u0432\u0438\u0433\u043b\u044f\u0434\u0456 \u0446\u0438\u0444\u0440","value":"option-1","price":"","pimage":"","pimage_id":"","pthumb":""}],"relations":false,"form_id":5439,"form_rules":{"pric_cal_option_once":false,"exclude_from_discount":false,"pric_use_as_fee":false,"fee_label":"Fee","render_after_acb":false,"disp_hide_options_price":false}},{"type":"number","elementId":"wcpa-number-6166b4038bdd1","label":"","placeholder":"\u0412\u043a\u0430\u0436\u0456\u0442\u044c \u0432\u0456\u043a","enablePrice":true,"pricingType":"per_car","price":"6.5","min":"0","max":"200","step":"1","name":"number-6166b4038bdd9","enableCl":true,"cl_rule":"show","col":"3","relations":[{"operator":false,"rules":[{"operator":false,"rules":{"cl_field":"wcpa-checkbox-group-6166b4038bdbe","cl_relation":"is_not_empty","cl_val":false}}]}],"form_id":5439,"form_rules":{"pric_cal_option_once":false,"exclude_from_discount":false,"pric_use_as_fee":false,"fee_label":"Fee","render_after_acb":false,"disp_hide_options_price":false}},{"type":"checkbox-group","elementId":"wcpa-checkbox-group-6166b4038bde4","label":"","priceOptions":"different_for_all","pricingType":"fixed","name":"checkbox-group-6166b4038bdee","cl_rule":"show","col":"3","values":[{"label":"\u041f\u0440\u043e\u0441\u0442\u0456 \u0441\u0432\u0456\u0447\u043a\u0438 \u0432 \u0443\u043f\u0430\u043a\u043e\u0432\u0446\u0456 \u043f\u043e 10 \u0448\u0442.","value":"option-1","price":"","pimage":"","pimage_id":"","pthumb":""}],"relations":false,"form_id":5439,"form_rules":{"pric_cal_option_once":false,"exclude_from_discount":false,"pric_use_as_fee":false,"fee_label":"Fee","render_after_acb":false,"disp_hide_options_price":false}},{"type":"number","required":true,"elementId":"wcpa-number-6166b4038bdf7","label":"","placeholder":"\u041a\u0456\u043b\u044c\u043a\u0456\u0441\u0442\u044c \u0443\u043f\u0430\u043a\u043e\u0432\u043e\u043a \u043f\u043e 10 \u0448\u0442.","enablePrice":true,"pricingType":"custom","price":"{value}*7","min":"1","max":"100","step":"1","name":"number-6166b4038bdff","enableCl":true,"cl_rule":"show","cl_val":"10","col":"3","relations":[{"operator":false,"rules":[{"operator":false,"rules":{"cl_field":"wcpa-checkbox-group-6166b4038bde4","cl_relation":"not_contains","cl_val":"10"}}]}],"form_id":5439,"form_rules":{"pric_cal_option_once":false,"exclude_from_discount":false,"pric_use_as_fee":false,"fee_label":"Fee","render_after_acb":false,"disp_hide_options_price":false}},{"type":"checkbox-group","elementId":"wcpa-checkbox-group-6166b4038be09","label":"","priceOptions":"different_for_all","pricingType":"fixed","name":"checkbox-group-6166b4038be13","cl_rule":"show","col":"3","values":[{"label":"\u041f\u0440\u043e\u0441\u0442\u0456 \u0441\u0432\u0456\u0447\u043a\u0438 \u0432 \u0443\u043f\u0430\u043a\u043e\u0432\u0446\u0456 \u043f\u043e 24 \u0448\u0442.","value":"option-1","price":"","pimage":"","pimage_id":"","pthumb":""}],"relations":false,"form_id":5439,"form_rules":{"pric_cal_option_once":false,"exclude_from_discount":false,"pric_use_as_fee":false,"fee_label":"Fee","render_after_acb":false,"disp_hide_options_price":false}},{"type":"number","required":true,"elementId":"wcpa-number-6166b4038be1c","label":"","placeholder":"\u041a\u0456\u043b\u044c\u043a\u0456\u0441\u0442\u044c \u0443\u043f\u0430\u043a\u043e\u0432\u043e\u043a \u043f\u043e 24 \u0448\u0442.","enablePrice":true,"pricingType":"custom","price":"{value}*10","min":"1","max":"100","step":"1","name":"number-6166b4038be24","enableCl":true,"cl_rule":"show","cl_val":"24","col":"3","relations":[{"operator":false,"rules":[{"operator":false,"rules":{"cl_field":"wcpa-checkbox-group-6166b4038be09","cl_relation":"not_contains","cl_val":"24"}}]}],"form_id":5439,"form_rules":{"pric_cal_option_once":false,"exclude_from_discount":false,"pric_use_as_fee":false,"fee_label":"Fee","render_after_acb":false,"disp_hide_options_price":false}},{"type":"checkbox-group","elementId":"wcpa-checkbox-group-6166b4038be2f","label":"","priceOptions":"different_for_all","pricingType":"fixed","name":"checkbox-group-6166b4038be39","cl_rule":"show","col":"3","values":[{"label":"\u041d\u0430 \u0442\u043e\u0440\u0442 \u0444\u043e\u043d\u0442\u0430\u043d","value":"option-1","price":"7","pimage":"","pimage_id":"","pthumb":""}],"relations":false,"form_id":5439,"form_rules":{"pric_cal_option_once":false,"exclude_from_discount":false,"pric_use_as_fee":false,"fee_label":"Fee","render_after_acb":false,"disp_hide_options_price":false}},{"type":"number","required":true,"elementId":"wcpa-number-6166b4038be41","label":"","placeholder":"\u041a\u0456\u043b\u044c\u043a\u0456\u0441\u0442\u044c","enablePrice":true,"pricingType":"custom","price":"{value}*7","min":"1","max":"20","step":"1","name":"number-6166b4038be49","enableCl":true,"cl_rule":"show","cl_val":"option-1","col":"3","relations":[{"operator":false,"rules":[{"operator":false,"rules":{"cl_field":"wcpa-checkbox-group-6166b4038be2f","cl_relation":"is","cl_val":{"i":"0","value":"option-1"}}}]}],"form_id":5439,"form_rules":{"pric_cal_option_once":false,"exclude_from_discount":false,"pric_use_as_fee":false,"fee_label":"Fee","render_after_acb":false,"disp_hide_options_price":false}},{"type":"textarea","elementId":"wcpa-textarea-1635866587884","label":"\u041a\u043e\u043c\u0435\u043d\u0442\u0430\u0440\u0456","pricingType":"fixed","name":"textarea-1635866587884","cl_rule":"show","col":"4","relations":false,"form_id":5439,"form_rules":{"pric_cal_option_once":false,"exclude_from_discount":false,"pric_use_as_fee":false,"fee_label":"Fee","render_after_acb":false,"disp_hide_options_price":false}},{"type":"select","required":true,"elementId":"wcpa-select-1591811152340","label":"\u0412\u0438\u0431\u0435\u0440\u0456\u0442\u044c \u0441\u043c\u0430\u043a \u0442\u043e\u0440\u0442\u0430","priceOptions":"different_for_all","pricingType":"fixed","name":"select-1591811152340","cl_rule":"show","col":"4","values":[{"label":"","value":"","price":"","pimage":"","pimage_id":"","pthumb":""},{"label":"Czarny ksi\u0105\u017c\u0119 ","value":"option-2","price":"","pimage":"","pimage_id":"","pthumb":""},{"label":"Deliciz tropikal ","value":"option-1","price":"","pimage":"","pimage_id":"","pthumb":""},{"label":"Mio amore ","value":"option-4","price":"","pimage":"","pimage_id":"","pthumb":""},{"label":"Provenza ","value":"option-5","price":"","pimage":"","pimage_id":"","pthumb":""},{"label":"Coffee-Carolans ","value":"option-3","price":"","pimage":"","pimage_id":"","pthumb":""},{"label":"Orzechowa pralinka ","value":"option-6","price":"","pimage":"","pimage_id":"","pthumb":""}],"relations":false,"form_id":4245,"form_rules":{"pric_cal_option_once":false,"exclude_from_discount":false,"pric_use_as_fee":false,"fee_label":"Fee","render_after_acb":false,"disp_hide_options_price":false}},{"type":"header","subtype":"h3","label":"(GLUTEN FREE) Delikatny krem na bazie serka mascarpone i limonki z biszkoptem migda\u0142owym. Jego doskona\u0142ym dope\u0142nieniem jest tropikalne nadzienie o smaku mango.","elementId":"wcpa-header-1597011243030","className":"1","enableCl":true,"cl_rule":"show","cl_val":"option-1","col":"5","relations":[{"operator":false,"rules":[{"operator":false,"rules":{"cl_field":"wcpa-select-1591811152340","cl_relation":"is","cl_val":{"i":"2","value":"option-1"}}}]}],"form_id":4245,"form_rules":{"pric_cal_option_once":false,"exclude_from_discount":false,"pric_use_as_fee":false,"fee_label":"Fee","render_after_acb":false,"disp_hide_options_price":false}},{"type":"header","subtype":"h3","label":"Lekki krem czekoladowy z delikatnym ciastem biszkoptowym nas\u0105czonym syropem rumowym. Nadzienie deseru stanowi aksamitny cr\u00e8me br\u00fbl\u00e9e z wi\u015bni\u0105, kt\u00f3ry idealnie podkre\u015bla smak czekolady.","elementId":"wcpa-header-1597011771500","className":"9","enableCl":true,"cl_rule":"show","cl_val":"option-2","col":"5","relations":[{"operator":false,"rules":[{"operator":false,"rules":{"cl_field":"wcpa-select-1591811152340","cl_relation":"is","cl_val":{"i":"1","value":"option-2"}}}]}],"form_id":4245,"form_rules":{"pric_cal_option_once":false,"exclude_from_discount":false,"pric_use_as_fee":false,"fee_label":"Fee","render_after_acb":false,"disp_hide_options_price":false}},{"type":"header","subtype":"h3","label":"Kompozycja delikatnego musu \u015bmietankowego i pysznej lekkiej konfitury truskawkowej.","elementId":"wcpa-header-1597011768914","className":"9","enableCl":true,"cl_rule":"show","cl_val":"option-4","col":"5","relations":[{"operator":false,"rules":[{"operator":false,"rules":{"cl_field":"wcpa-select-1591811152340","cl_relation":"is","cl_val":{"i":"3","value":"option-4"}}}]}],"form_id":4245,"form_rules":{"pric_cal_option_once":false,"exclude_from_discount":false,"pric_use_as_fee":false,"fee_label":"Fee","render_after_acb":false,"disp_hide_options_price":false}},{"type":"header","subtype":"h3","label":"Kompozycja musu o smaku brzoskwiniowym i delikatnej galaretki z prowansalskiej lawendy.","elementId":"wcpa-header-1597011766504","className":"9","enableCl":true,"cl_rule":"show","cl_val":"option-5","col":"5","relations":[{"operator":false,"rules":[{"operator":false,"rules":{"cl_field":"wcpa-select-1591811152340","cl_relation":"is","cl_val":{"i":"4","value":"option-5"}}}]}],"form_id":4245,"form_rules":{"pric_cal_option_once":false,"exclude_from_discount":false,"pric_use_as_fee":false,"fee_label":"Fee","render_after_acb":false,"disp_hide_options_price":false}},{"type":"header","subtype":"h3","label":"\u015amietankowy tort na bazie likieru \u201cCarolans\u201d z mi\u0119kkim biszkoptem. Nadzienie deseru stanowi kawowy mus  idealnie podkre\u015bla smak.","elementId":"wcpa-header-1597011765726","className":"9","enableCl":true,"cl_rule":"show","cl_val":"option-3","col":"5","relations":[{"operator":false,"rules":[{"operator":false,"rules":{"cl_field":"wcpa-select-1591811152340","cl_relation":"is","cl_val":{"i":"5","value":"option-3"}}}]}],"form_id":4245,"form_rules":{"pric_cal_option_once":false,"exclude_from_discount":false,"pric_use_as_fee":false,"fee_label":"Fee","render_after_acb":false,"disp_hide_options_price":false}},{"type":"header","subtype":"h3","label":"Lekki krem czekoladowy z delikatnym chrupi\u0105cym biszkoptem. Nadzienie tortu stanowi aksamitna orzechowa pralinka, kt\u00f3ry idealnie podkre\u015bla smak czekolady.","elementId":"wcpa-header-1597011764833","className":"9","enableCl":true,"cl_rule":"show","cl_val":"option-6","col":"5","relations":[{"operator":false,"rules":[{"operator":false,"rules":{"cl_field":"wcpa-select-1591811152340","cl_relation":"is","cl_val":{"i":"6","value":"option-6"}}}]}],"form_id":4245,"form_rules":{"pric_cal_option_once":false,"exclude_from_discount":false,"pric_use_as_fee":false,"fee_label":"Fee","render_after_acb":false,"disp_hide_options_price":false}}]},"_links":{"self":[{"href":"https:\/\/tort-krk.pl\/ua\/wp-json\/wp\/v2\/product\/4679"}],"collection":[{"href":"https:\/\/tort-krk.pl\/ua\/wp-json\/wp\/v2\/product"}],"about":[{"href":"https:\/\/tort-krk.pl\/ua\/wp-json\/wp\/v2\/types\/product"}],"wp:featuredmedia":[{"embeddable":true,"href":"https:\/\/tort-krk.pl\/ua\/wp-json\/wp\/v2\/media\/4500"}],"wp:attachment":[{"href":"https:\/\/tort-krk.pl\/ua\/wp-json\/wp\/v2\/media?parent=4679"}],"wp:term":[{"taxonomy":"product_cat","embeddable":true,"href":"https:\/\/tort-krk.pl\/ua\/wp-json\/wp\/v2\/product_cat?post=4679"},{"taxonomy":"product_tag","embeddable":true,"href":"https:\/\/tort-krk.pl\/ua\/wp-json\/wp\/v2\/product_tag?post=4679"},{"taxonomy":"yst_prominent_words","embeddable":true,"href":"https:\/\/tort-krk.pl\/ua\/wp-json\/wp\/v2\/yst_prominent_words?post=4679"}],"curies":[{"name":"wp","href":"https:\/\/api.w.org\/{rel}","templated":true}]}}