{"id":5658,"date":"2022-02-04T14:55:07","date_gmt":"2022-02-04T11:55:07","guid":{"rendered":"https:\/\/tort-krk.pl\/?post_type=product&#038;p=5658"},"modified":"2026-02-10T21:01:05","modified_gmt":"2026-02-10T18:01:05","slug":"walentynkowy-tort","status":"publish","type":"product","link":"https:\/\/tort-krk.pl\/ru\/product\/%d1%82%d0%be%d1%80%d1%82-%d1%81%d0%b5%d1%80%d0%b4%d1%86%d0%b5\/","title":{"rendered":"\u0422\u043e\u0440\u0442  \u0421\u0435\u0440\u0434\u0446\u0435"},"content":{"rendered":"<p>\u041a\u043e\u043d\u0435\u0447\u043d\u044b\u0439 \u043f\u0440\u043e\u0434\u0443\u043a\u0442 \u043c\u043e\u0436\u0435\u0442 \u043d\u0435\u043c\u043d\u043e\u0433\u043e<br \/>\n\u043e\u0442\u043b\u0438\u0447\u0430\u0442\u044c\u0441\u044f \u043e\u0442 \u043f\u0440\u0435\u0434\u0441\u0442\u0430\u0432\u043b\u0435\u043d\u043d\u043e\u0433\u043e<br \/>\n\u043d\u0430 \u0444\u043e\u0442\u043e\u0433\u0440\u0430\u0444\u0438\u0438<\/p>\n<p>\u043d\u0430 8 \u043f\u0435\u0440\u0441\u043e\u043d<\/p>","protected":false},"excerpt":{"rendered":"<p>\u0422\u0430\u043a\u043e\u0439 \u0442\u043e\u0440\u0442 \u044f\u0432\u043b\u044f\u0435\u0442\u0441\u044f \u0432\u043a\u0443\u0441\u043d\u044b\u043c \u0434\u043e\u043f\u043e\u043b\u043d\u0435\u043d\u0438\u0435\u043c \u043b\u044e\u0431\u043e\u0433\u043e \u0432\u0435\u0447\u0435\u0440\u0430 ?\u200d\u2764\ufe0f\u200d?<\/p>\n<p>&nbsp;<\/p>\n","protected":false},"featured_media":5659,"template":"","meta":{"_acf_changed":false},"product_cat":[358,46,45,40],"product_tag":[],"yst_prominent_words":[],"acf":[],"wcpa_form_fields":{"rules":{"pric_overide_base_price":false,"pric_overide_base_price_if_gt_zero":false,"pric_cal_option_once":false,"pric_use_as_fee":false,"bind_quantity":false,"quantity_bind_formula":false},"fields":[{"type":"checkbox-group","elementId":"wcpa-checkbox-group-60575126d325d","label":"","priceOptions":"different_for_all","pricingType":"fixed","name":"checkbox-group-60575126d3266","cl_rule":"show","col":"3","values":[{"label":"\u041d\u0430\u0434\u043f\u0438\u0441\u044c \u043d\u0430 \u0442\u043e\u0440\u0442\u0435","value":"option-1","price":"3","pimage":"","pimage_id":"","pthumb":""}],"relations":false,"form_id":5070,"form_rules":{"pric_cal_option_once":false,"exclude_from_discount":false,"pric_use_as_fee":false,"fee_label":"Fee","render_after_acb":false,"disp_hide_options_price":false}},{"type":"text","required":true,"elementId":"wcpa-text-60575126d326c","label":"","placeholder":"\u0422\u0435\u043a\u0441\u0442","enablePrice":true,"pricingType":"fixed","price":"10","name":"text-60575126d3273","subtype":"text","maxlength":"30","enableCl":true,"cl_rule":"show","cl_val":"option-1","col":"3","relations":[{"operator":false,"rules":[{"operator":false,"rules":{"cl_field":"wcpa-checkbox-group-60575126d325d","cl_relation":"is","cl_val":{"i":"0","value":"option-1"}}}]}],"form_id":5070,"form_rules":{"pric_cal_option_once":false,"exclude_from_discount":false,"pric_use_as_fee":false,"fee_label":"Fee","render_after_acb":false,"disp_hide_options_price":false}},{"type":"checkbox-group","elementId":"wcpa-checkbox-group-1616340813293","label":"","priceOptions":"different_for_all","pricingType":"fixed","name":"checkbox-group-1616340813293","cl_rule":"show","col":"3","values":[{"label":"\u0421\u0432\u0435\u0447\u0438 \u0432 \u0432\u0438\u0434\u0435 \u0446\u0438\u0444\u0440","value":"option-1","price":"","pimage":"","pimage_id":"","pthumb":""}],"relations":false,"form_id":5070,"form_rules":{"pric_cal_option_once":false,"exclude_from_discount":false,"pric_use_as_fee":false,"fee_label":"Fee","render_after_acb":false,"disp_hide_options_price":false}},{"type":"number","required":true,"elementId":"wcpa-number-1616340842079","label":"","placeholder":"\u0423\u043a\u0430\u0436\u0438\u0442\u0435 \u0432\u043e\u0437\u0440\u0430\u0441\u0442","enablePrice":true,"pricingType":"per_car","price":"7","min":"0","max":"200","step":"1","name":"number-1616340842079","enableCl":true,"cl_rule":"show","col":"3","relations":[{"operator":false,"rules":[{"operator":false,"rules":{"cl_field":"wcpa-checkbox-group-1616340813293","cl_relation":"is_not_empty","cl_val":false}}]}],"form_id":5070,"form_rules":{"pric_cal_option_once":false,"exclude_from_discount":false,"pric_use_as_fee":false,"fee_label":"Fee","render_after_acb":false,"disp_hide_options_price":false}},{"type":"checkbox-group","elementId":"wcpa-checkbox-group-1616339971780","label":"","priceOptions":"different_for_all","pricingType":"fixed","name":"checkbox-group-1616339971780","cl_rule":"show","col":"3","values":[{"label":"\u041f\u0440\u043e\u0441\u0442\u044b\u0435 \u0441\u0432\u0435\u0447\u0438 \u0432 \u0443\u043f\u0430\u043a\u043e\u0432\u043a\u0435 \u043f\u043e 10 \u0448\u0442.","value":"option-1","price":"","pimage":"","pimage_id":"","pthumb":""}],"relations":false,"form_id":5070,"form_rules":{"pric_cal_option_once":false,"exclude_from_discount":false,"pric_use_as_fee":false,"fee_label":"Fee","render_after_acb":false,"disp_hide_options_price":false}},{"type":"number","required":true,"elementId":"wcpa-number-1616340045372","label":"","placeholder":"\u041a\u043e\u043b\u0438\u0447\u0435\u0441\u0442\u0432\u043e \u0443\u043f\u0430\u043a\u043e\u0432\u043e\u043a \u043f\u043e 10 \u0448\u0442.","enablePrice":true,"pricingType":"custom","price":"{value}*7","min":"1","max":"100","step":"1","name":"number-1616340045372","enableCl":true,"cl_rule":"show","cl_val":"10","col":"3","relations":[{"operator":false,"rules":[{"operator":false,"rules":{"cl_field":"wcpa-checkbox-group-1616339971780","cl_relation":"not_contains","cl_val":"10"}}]}],"form_id":5070,"form_rules":{"pric_cal_option_once":false,"exclude_from_discount":false,"pric_use_as_fee":false,"fee_label":"Fee","render_after_acb":false,"disp_hide_options_price":false}},{"type":"checkbox-group","elementId":"wcpa-checkbox-group-1616340005105","label":"","priceOptions":"different_for_all","pricingType":"fixed","name":"checkbox-group-1616340005092","cl_rule":"show","col":"3","values":[{"label":"\u041f\u0440\u043e\u0441\u0442\u044b\u0435 \u0441\u0432\u0435\u0447\u0438 \u0432 \u0443\u043f\u0430\u043a\u043e\u0432\u043a\u0435 \u043f\u043e 24 \u0448\u0442.","value":"option-1","price":"","pimage":"","pimage_id":"","pthumb":""}],"relations":false,"form_id":5070,"form_rules":{"pric_cal_option_once":false,"exclude_from_discount":false,"pric_use_as_fee":false,"fee_label":"Fee","render_after_acb":false,"disp_hide_options_price":false}},{"type":"number","required":true,"elementId":"wcpa-number-1616340418617","label":"","placeholder":"\u041a\u043e\u043b\u0438\u0447\u0435\u0441\u0442\u0432\u043e \u0443\u043f\u0430\u043a\u043e\u0432\u043e\u043a \u043f\u043e 24 \u0448\u0442.","enablePrice":true,"pricingType":"custom","price":"{value}*10","min":"1","max":"100","step":"1","name":"number-1616340418599","enableCl":true,"cl_rule":"show","cl_val":"24","col":"3","relations":[{"operator":false,"rules":[{"operator":false,"rules":{"cl_field":"wcpa-checkbox-group-1616340005105","cl_relation":"not_contains","cl_val":"24"}}]}],"form_id":5070,"form_rules":{"pric_cal_option_once":false,"exclude_from_discount":false,"pric_use_as_fee":false,"fee_label":"Fee","render_after_acb":false,"disp_hide_options_price":false}},{"type":"checkbox-group","elementId":"wcpa-checkbox-group-60575126d32c6","label":"","priceOptions":"different_for_all","pricingType":"fixed","name":"checkbox-group-60575126d32ce","cl_rule":"show","col":"3","values":[{"label":"\u041d\u0430 \u0442\u043e\u0440\u0442 \u0444\u043e\u043d\u0442\u0430\u043d","value":"option-1","price":"7","pimage":"","pimage_id":"","pthumb":""}],"relations":false,"form_id":5070,"form_rules":{"pric_cal_option_once":false,"exclude_from_discount":false,"pric_use_as_fee":false,"fee_label":"Fee","render_after_acb":false,"disp_hide_options_price":false}},{"type":"number","required":true,"elementId":"wcpa-number-60575126d32d5","label":"","placeholder":"\u041a\u043e\u043b\u0438\u0447\u0435\u0441\u0442\u0432\u043e","enablePrice":true,"pricingType":"custom","price":"{value}*8","min":"1","max":"20","step":"1","name":"number-60575126d32dc","enableCl":true,"cl_rule":"show","cl_val":"option-1","col":"3","relations":[{"operator":false,"rules":[{"operator":false,"rules":{"cl_field":"wcpa-checkbox-group-60575126d32c6","cl_relation":"is","cl_val":{"i":"0","value":"option-1"}}}]}],"form_id":5070,"form_rules":{"pric_cal_option_once":false,"exclude_from_discount":false,"pric_use_as_fee":false,"fee_label":"Fee","render_after_acb":false,"disp_hide_options_price":false}},{"type":"textarea","elementId":"wcpa-textarea-1635865898811","label":"K\u043e\u043c\u0435\u043d\u0442\u0430\u0440\u0438\u0438","pricingType":"fixed","name":"textarea-1635865898811","cl_rule":"show","col":"4","relations":false,"form_id":5070,"form_rules":{"pric_cal_option_once":false,"exclude_from_discount":false,"pric_use_as_fee":false,"fee_label":"Fee","render_after_acb":false,"disp_hide_options_price":false}},{"type":"checkbox-group","elementId":"wcpa-checkbox-group-1734355649309","label":" \u041f\u0440\u0430\u0437\u0434\u043d\u0438\u0447\u043d\u044b\u0439 \u0434\u0435\u043a\u043e\u0440","enablePrice":true,"priceOptions":"different_for_all","pricingType":"fixed","name":"checkbox-group-1734355649309","cl_rule":"show","col":"4","values":[{"label":"Option 1","value":"option-1","price":"11","pimage":"","pimage_id":"","pthumb":""}],"relations":false,"form_id":5070,"form_rules":{"pric_cal_option_once":false,"exclude_from_discount":false,"pric_use_as_fee":false,"fee_label":"Fee","render_after_acb":false,"disp_hide_options_price":false}},{"type":"select","required":true,"elementId":"wcpa-select-1591811152340","label":"\u0412\u044b\u0431\u0435\u0440\u0438\u0442\u0435 \u0432\u043a\u0443\u0441 \u0442\u043e\u0440\u0442\u0430","priceOptions":"different_for_all","pricingType":"fixed","name":"select-1591811152340","cl_rule":"show","col":"4","values":[{"label":"\u0412\u044b\u0431\u0435\u0440\u0438\u0442\u0435","value":"","price":"","pimage":"","pimage_id":"","pthumb":""},{"label":"Czarny ksi\u0105\u017c\u0119 ","value":"option-2","price":"","pimage":"","pimage_id":"","pthumb":""},{"label":"Deliciz tropikal ","value":"option-1","price":"","pimage":"","pimage_id":"","pthumb":""},{"label":"Mio amore ","value":"option-4","price":"","pimage":"","pimage_id":"","pthumb":""},{"label":"Provenza ","value":"option-5","price":"","pimage":"","pimage_id":"","pthumb":""},{"label":"Coffee-Carolans ","value":"option-3","price":"","pimage":"","pimage_id":"","pthumb":""},{"label":"Orzechowa pralinka ","value":"option-6","price":"","pimage":"","pimage_id":"","pthumb":""}],"relations":false,"form_id":4245,"form_rules":{"pric_cal_option_once":false,"exclude_from_discount":false,"pric_use_as_fee":false,"fee_label":"Fee","render_after_acb":false,"disp_hide_options_price":false}},{"type":"header","subtype":"h3","label":"(GLUTEN FREE) Delikatny krem na bazie serka mascarpone i limonki z biszkoptem migda\u0142owym. Jego doskona\u0142ym dope\u0142nieniem jest tropikalne nadzienie o smaku mango.","elementId":"wcpa-header-1597011243030","className":"1","enableCl":true,"cl_rule":"show","cl_val":"option-1","col":"5","relations":[{"operator":false,"rules":[{"operator":false,"rules":{"cl_field":"wcpa-select-1591811152340","cl_relation":"is","cl_val":{"i":"2","value":"option-1"}}}]}],"form_id":4245,"form_rules":{"pric_cal_option_once":false,"exclude_from_discount":false,"pric_use_as_fee":false,"fee_label":"Fee","render_after_acb":false,"disp_hide_options_price":false}},{"type":"header","subtype":"h3","label":"Lekki krem czekoladowy z delikatnym ciastem biszkoptowym nas\u0105czonym syropem rumowym. Nadzienie deseru stanowi aksamitny cr\u00e8me br\u00fbl\u00e9e z wi\u015bni\u0105, kt\u00f3ry idealnie podkre\u015bla smak czekolady.","elementId":"wcpa-header-1597011771500","className":"9","enableCl":true,"cl_rule":"show","cl_val":"option-2","col":"5","relations":[{"operator":false,"rules":[{"operator":false,"rules":{"cl_field":"wcpa-select-1591811152340","cl_relation":"is","cl_val":{"i":"1","value":"option-2"}}}]}],"form_id":4245,"form_rules":{"pric_cal_option_once":false,"exclude_from_discount":false,"pric_use_as_fee":false,"fee_label":"Fee","render_after_acb":false,"disp_hide_options_price":false}},{"type":"header","subtype":"h3","label":"Kompozycja delikatnego musu \u015bmietankowego i pysznej lekkiej konfitury truskawkowej.","elementId":"wcpa-header-1597011768914","className":"9","enableCl":true,"cl_rule":"show","cl_val":"option-4","col":"5","relations":[{"operator":false,"rules":[{"operator":false,"rules":{"cl_field":"wcpa-select-1591811152340","cl_relation":"is","cl_val":{"i":"3","value":"option-4"}}}]}],"form_id":4245,"form_rules":{"pric_cal_option_once":false,"exclude_from_discount":false,"pric_use_as_fee":false,"fee_label":"Fee","render_after_acb":false,"disp_hide_options_price":false}},{"type":"header","subtype":"h3","label":"Kompozycja musu o smaku brzoskwiniowym i delikatnej galaretki z prowansalskiej lawendy.","elementId":"wcpa-header-1597011766504","className":"9","enableCl":true,"cl_rule":"show","cl_val":"option-5","col":"5","relations":[{"operator":false,"rules":[{"operator":false,"rules":{"cl_field":"wcpa-select-1591811152340","cl_relation":"is","cl_val":{"i":"4","value":"option-5"}}}]}],"form_id":4245,"form_rules":{"pric_cal_option_once":false,"exclude_from_discount":false,"pric_use_as_fee":false,"fee_label":"Fee","render_after_acb":false,"disp_hide_options_price":false}},{"type":"header","subtype":"h3","label":"\u015amietankowy tort na bazie likieru \u201cCarolans\u201d z mi\u0119kkim biszkoptem. Nadzienie deseru stanowi kawowy mus  idealnie podkre\u015bla smak.","elementId":"wcpa-header-1597011765726","className":"9","enableCl":true,"cl_rule":"show","cl_val":"option-3","col":"5","relations":[{"operator":false,"rules":[{"operator":false,"rules":{"cl_field":"wcpa-select-1591811152340","cl_relation":"is","cl_val":{"i":"5","value":"option-3"}}}]}],"form_id":4245,"form_rules":{"pric_cal_option_once":false,"exclude_from_discount":false,"pric_use_as_fee":false,"fee_label":"Fee","render_after_acb":false,"disp_hide_options_price":false}},{"type":"header","subtype":"h3","label":"Lekki krem czekoladowy z delikatnym chrupi\u0105cym biszkoptem. Nadzienie tortu stanowi aksamitna orzechowa pralinka, kt\u00f3ry idealnie podkre\u015bla smak czekolady.","elementId":"wcpa-header-1597011764833","className":"9","enableCl":true,"cl_rule":"show","cl_val":"option-6","col":"5","relations":[{"operator":false,"rules":[{"operator":false,"rules":{"cl_field":"wcpa-select-1591811152340","cl_relation":"is","cl_val":{"i":"6","value":"option-6"}}}]}],"form_id":4245,"form_rules":{"pric_cal_option_once":false,"exclude_from_discount":false,"pric_use_as_fee":false,"fee_label":"Fee","render_after_acb":false,"disp_hide_options_price":false}}]},"_links":{"self":[{"href":"https:\/\/tort-krk.pl\/ru\/wp-json\/wp\/v2\/product\/5658"}],"collection":[{"href":"https:\/\/tort-krk.pl\/ru\/wp-json\/wp\/v2\/product"}],"about":[{"href":"https:\/\/tort-krk.pl\/ru\/wp-json\/wp\/v2\/types\/product"}],"wp:featuredmedia":[{"embeddable":true,"href":"https:\/\/tort-krk.pl\/ru\/wp-json\/wp\/v2\/media\/5659"}],"wp:attachment":[{"href":"https:\/\/tort-krk.pl\/ru\/wp-json\/wp\/v2\/media?parent=5658"}],"wp:term":[{"taxonomy":"product_cat","embeddable":true,"href":"https:\/\/tort-krk.pl\/ru\/wp-json\/wp\/v2\/product_cat?post=5658"},{"taxonomy":"product_tag","embeddable":true,"href":"https:\/\/tort-krk.pl\/ru\/wp-json\/wp\/v2\/product_tag?post=5658"},{"taxonomy":"yst_prominent_words","embeddable":true,"href":"https:\/\/tort-krk.pl\/ru\/wp-json\/wp\/v2\/yst_prominent_words?post=5658"}],"curies":[{"name":"wp","href":"https:\/\/api.w.org\/{rel}","templated":true}]}}