{"id":3317,"date":"2020-04-07T20:05:52","date_gmt":"2020-04-07T17:05:52","guid":{"rendered":"https:\/\/tort-krk.pl\/?page_id=3317"},"modified":"2022-06-26T16:57:43","modified_gmt":"2022-06-26T13:57:43","slug":"cookies","status":"publish","type":"page","link":"https:\/\/tort-krk.pl\/ru\/cookies\/","title":{"rendered":"Cookies"},"content":{"rendered":"<p>[vc_row][vc_column][vc_column_text]<strong>Cookies<\/strong><br \/>\nDlaczego u\u017cywamy plik\u00f3w cookies?<br \/>\nPliki cookies pomagaj\u0105 nam dostosowa\u0107 zawarto\u015b\u0107 przegl\u0105danych informacji na naszej stronie www.tort-krk.pl do Twoich indywidualnych potrzeb.<br \/>\nCo oznacza ?<br \/>\nPliki cookies b\u0119d\u0105 zamieszczone na Twoim urz\u0105dzeniu (komputer, tablet, smartfon etc.)<br \/>\nW ka\u017cdej chwili mo\u017cesz dokona\u0107 zmian ustawie\u0144 dotycz\u0105cych polityki cookies w ustawieniach swojej przegl\u0105darki.<br \/>\nPoni\u017cszy tekst polityki cookies zosta\u0142 stworzony na bazie wzoru dost\u0119pnego na stronie www: <a href=\"https:\/\/wszystkoociasteczkach.pl\">http:\/\/wszystkoociasteczkach.pl\/<\/a> i jest chroniony jest prawem autorskim, kt\u00f3re przys\u0142uguj\u0105 IAB Polska.<br \/>\n1. Serwis nie zbiera w spos\u00f3b automatyczny \u017cadnych informacji, z wyj\u0105tkiem informacji zawartych w plikach cookies.<br \/>\n2. Pliki cookies (tzw. \u201eciasteczka\u201d) stanowi\u0105 dane informatyczne, w szczeg\u00f3lno\u015bci pliki tekstowe, kt\u00f3re przechowywane s\u0105 w urz\u0105dzeniu ko\u0144cowym U\u017cytkownika Serwisu i przeznaczone s\u0105 do korzystania ze stron internetowych Serwisu. Cookies zazwyczaj zawieraj\u0105 nazw\u0119 strony internetowej, z kt\u00f3rej pochodz\u0105, czas przechowywania ich na urz\u0105dzeniu ko\u0144cowym oraz unikalny numer.<br \/>\n1. Pliki cookies wykorzystywane s\u0105 w celu:<br \/>\n2. a) dostosowania zawarto\u015bci stron internetowych Serwisu do preferencji<br \/>\nU\u017cytkownika oraz optymalizacji korzystania ze stron internetowych; w szczeg\u00f3lno\u015bci pliki te pozwalaj\u0105 rozpozna\u0107 urz\u0105dzenie U\u017cytkownika Serwisu i odpowiednio wy\u015bwietli\u0107 stron\u0119 internetow\u0105, dostosowan\u0105 do jego indywidualnych potrzeb;<br \/>\n3. b) tworzenia statystyk, kt\u00f3re pomagaj\u0105 zrozumie\u0107, w jaki spos\u00f3b U\u017cytkownicy Serwisu korzystaj\u0105 ze stron internetowych, co umo\u017cliwia ulepszanie ich struktury i zawarto\u015bci; c) utrzymania sesji U\u017cytkownika Serwisu (po zalogowaniu), dzi\u0119ki kt\u00f3rej U\u017cytkownik nie musi na ka\u017cdej podstronie Serwisu ponownie wpisywa\u0107 loginu i has\u0142a;<br \/>\n4. d) tworzenia reklam promuj\u0105cych produkty <strong>Wyszukane Desery Braci Szewczenko<\/strong> dopasowanych do oczekiwa\u0144 U\u017cytkownika na r\u00f3\u017cnych, dost\u0119pnych platformach reklamowych;<br \/>\n5. e) utrzymania sesji U\u017cytkownika Serwisu (w tym przede wszystkim zawarto\u015bci koszyka), dzi\u0119ki czemu U\u017cytkownik po opuszczeniu serwisu nie utraci listy swoich zakup\u00f3w.<br \/>\n1. W ramach Serwisu stosowane s\u0105 dwa zasadnicze rodzaje plik\u00f3w cookies: \u201esesyjne\u201d (session cookies) oraz \u201esta\u0142e\u201d (persistent cookies). Cookies \u201esesyjne\u201d s\u0105 plikami tymczasowymi, kt\u00f3re przechowywane s\u0105 w urz\u0105dzeniu ko\u0144cowym U\u017cytkownika do czasu wylogowania,<\/p>\n<p>opuszczenia strony internetowej lub wy\u0142\u0105czenia oprogramowania (przegl\u0105darki internetowej). \u201eSta\u0142e\u201d pliki cookies przechowywane s\u0105 w urz\u0105dzeniu ko\u0144cowym U\u017cytkownika przez czas okre\u015blony w parametrach plik\u00f3w cookies lub do czasu ich usuni\u0119cia przez U\u017cytkownika.<br \/>\n2. W ramach Serwisu stosowane s\u0105 nast\u0119puj\u0105ce rodzaje plik\u00f3w cookies:<br \/>\n1. a) \u201eniezb\u0119dne\u201d pliki cookies, umo\u017cliwiaj\u0105ce korzystanie z us\u0142ug<br \/>\ndost\u0119pnych w ramach Serwisu, np. uwierzytelniaj\u0105ce pliki cookies wykorzystywane do us\u0142ug wymagaj\u0105cych uwierzytelniania w ramach Serwisu;<br \/>\n2. b) pliki cookies s\u0142u\u017c\u0105ce do zapewnienia bezpiecze\u0144stwa, np. wykorzystywane do wykrywania nadu\u017cy\u0107 w zakresie uwierzytelniania w ramach Serwisu;<br \/>\n3. c) \u201ewydajno\u015bciowe\u201d pliki cookies, umo\u017cliwiaj\u0105ce zbieranie informacji o sposobie korzystania ze stron internetowych Serwisu;<br \/>\n4. d) \u201efunkcjonalne\u201d pliki cookies, umo\u017cliwiaj\u0105ce \u201ezapami\u0119tanie\u201d wybranych przez U\u017cytkownika ustawie\u0144 i personalizacj\u0119 interfejsu U\u017cytkownika,<br \/>\nnp. w zakresie wybranego j\u0119zyka lub regionu, z kt\u00f3rego pochodzi U\u017cytkownik, rozmiaru czcionki, wygl\u0105du strony internetowej itp.;<br \/>\n5. e) \u201ereklamowe\u201d pliki cookies, umo\u017cliwiaj\u0105ce dostarczanie U\u017cytkownikom tre\u015bci reklamowych bardziej dostosowanych do ich zainteresowa\u0144.<br \/>\n1. W wielu przypadkach oprogramowanie s\u0142u\u017c\u0105ce do przegl\u0105dania stron internetowych (przegl\u0105darka internetowa) domy\u015blnie dopuszcza przechowywanie plik\u00f3w cookies w urz\u0105dzeniu ko\u0144cowym U\u017cytkownika. U\u017cytkownicy Serwisu mog\u0105 dokona\u0107 w ka\u017cdym czasie zmiany ustawie\u0144 dotycz\u0105cych plik\u00f3w cookies. Ustawienia te mog\u0105 zosta\u0107 zmienione w szczeg\u00f3lno\u015bci w taki spos\u00f3b, aby blokowa\u0107 automatyczn\u0105 obs\u0142ug\u0119 plik\u00f3w cookies w ustawieniach przegl\u0105darki internetowej b\u0105d\u017a informowa\u0107 o ich ka\u017cdorazowym zamieszczeniu w urz\u0105dzeniu U\u017cytkownika Serwisu. Szczeg\u00f3\u0142owe informacje o mo\u017cliwo\u015bci i sposobach obs\u0142ugi plik\u00f3w cookies dost\u0119pne s\u0105 w ustawieniach oprogramowania (przegl\u0105darki internetowej).<br \/>\n2. Operator Serwisu informuje, \u017ce ograniczenia stosowania plik\u00f3w cookies mog\u0105 wp\u0142yn\u0105\u0107 na niekt\u00f3re funkcjonalno\u015bci dost\u0119pne na stronach internetowych Serwisu.<br \/>\n9. Pliki cookies zamieszczane w urz\u0105dzeniu ko\u0144cowym U\u017cytkownika Serwisu i wykorzystywane mog\u0105 by\u0107 r\u00f3wnie\u017c przez wsp\u00f3\u0142pracuj\u0105cych z operatorem Serwisu reklamodawc\u00f3w oraz partner\u00f3w.<br \/>\n10. Wi\u0119cej informacji na temat plik\u00f3w cookies dost\u0119pnych jest pod adresem: <a href=\"https:\/\/wszystkoociasteczkach.pl\">http:\/\/wszystkoociasteczkach.pl\/<\/a> lub w sekcji \u201eUstawienia\u201d w menu Twojej przegl\u0105darki internetowej.<\/p>\n<p>11. W przypadku uzyskania danych osobowych ich przetwarzanie odbywa\u0107 si\u0119 b\u0119dzie zgodnie z obowi\u0105zuj\u0105cymi przepisami prawa, na zasadach okre\u015blonych w Polityce Prywatno\u015bci Wyszukane Desery Braci Szewczenko, kt\u00f3ra znajduje si\u0119 na stronie <a href=\"http:\/\/tort-krk.pl\">www.tort-krk.pl<\/a>[\/vc_column_text][\/vc_column][\/vc_row]<\/p>","protected":false},"excerpt":{"rendered":"<p>[vc_row][vc_column][vc_column_text]Cookies Dlaczego u\u017cywamy plik\u00f3w cookies? Pliki cookies pomagaj\u0105 nam dostosowa\u0107 zawarto\u015b\u0107 przegl\u0105danych informacji na naszej stronie www.tort-krk.pl do Twoich indywidualnych potrzeb. Co oznacza ? Pliki cookies b\u0119d\u0105 zamieszczone na Twoim urz\u0105dzeniu (komputer, tablet, smartfon etc.) W ka\u017cdej chwili mo\u017cesz dokona\u0107 zmian ustawie\u0144 dotycz\u0105cych polityki cookies w ustawieniach swojej przegl\u0105darki. Poni\u017cszy tekst polityki cookies zosta\u0142 stworzony [&hellip;]<\/p>\n","protected":false},"author":263,"featured_media":0,"parent":0,"menu_order":0,"comment_status":"closed","ping_status":"closed","template":"","meta":{"_acf_changed":false,"footnotes":""},"yst_prominent_words":[337,322,338,323,339,324,340,325,341,326,327,328,329,330,331,332,333,334,335,336],"acf":[],"_links":{"self":[{"href":"https:\/\/tort-krk.pl\/ru\/wp-json\/wp\/v2\/pages\/3317"}],"collection":[{"href":"https:\/\/tort-krk.pl\/ru\/wp-json\/wp\/v2\/pages"}],"about":[{"href":"https:\/\/tort-krk.pl\/ru\/wp-json\/wp\/v2\/types\/page"}],"author":[{"embeddable":true,"href":"https:\/\/tort-krk.pl\/ru\/wp-json\/wp\/v2\/users\/263"}],"replies":[{"embeddable":true,"href":"https:\/\/tort-krk.pl\/ru\/wp-json\/wp\/v2\/comments?post=3317"}],"version-history":[{"count":1,"href":"https:\/\/tort-krk.pl\/ru\/wp-json\/wp\/v2\/pages\/3317\/revisions"}],"predecessor-version":[{"id":5929,"href":"https:\/\/tort-krk.pl\/ru\/wp-json\/wp\/v2\/pages\/3317\/revisions\/5929"}],"wp:attachment":[{"href":"https:\/\/tort-krk.pl\/ru\/wp-json\/wp\/v2\/media?parent=3317"}],"wp:term":[{"taxonomy":"yst_prominent_words","embeddable":true,"href":"https:\/\/tort-krk.pl\/ru\/wp-json\/wp\/v2\/yst_prominent_words?post=3317"}],"curies":[{"name":"wp","href":"https:\/\/api.w.org\/{rel}","templated":true}]}}