{"id":5654,"date":"2022-02-03T21:19:05","date_gmt":"2022-02-03T18:19:05","guid":{"rendered":"https:\/\/tort-krk.pl\/?post_type=product&#038;p=5654"},"modified":"2025-02-06T18:13:53","modified_gmt":"2025-02-06T15:13:53","slug":"walentynkowy-zestaw","status":"publish","type":"product","link":"https:\/\/tort-krk.pl\/en\/product\/valentines-set\/","title":{"rendered":"Valentine&#8217;s set"},"content":{"rendered":"<p>Such a set is a tasteful and<br \/>\nwelcome gift for any couple ?\u200d\u2764\ufe0f\u200d?<\/p>","protected":false},"excerpt":{"rendered":"<p><strong>We have prepared your favorite<\/strong><br \/>\n<strong>desserts in the Valentine&#8217;s edition:<\/strong><\/p>\n<p>\u2764\ufe0f &#8211; strawberry ? cream mousse ?<br \/>\n? &#8211; mango ?mascarpone and lime cheese ?<br \/>\n?- chocolate ? cr\u00e8me br\u00fbl\u00e9e with cherries ?<br \/>\n? &#8211; peach mousse ? lavender<\/p>\n<p>Leave a comment with your desired flavors \u2764\ufe0f<\/p>\n","protected":false},"featured_media":4827,"template":"","meta":{"_acf_changed":false},"product_cat":[358,40],"product_tag":[],"yst_prominent_words":[],"acf":[],"wcpa_form_fields":null,"_links":{"self":[{"href":"https:\/\/tort-krk.pl\/en\/wp-json\/wp\/v2\/product\/5654"}],"collection":[{"href":"https:\/\/tort-krk.pl\/en\/wp-json\/wp\/v2\/product"}],"about":[{"href":"https:\/\/tort-krk.pl\/en\/wp-json\/wp\/v2\/types\/product"}],"wp:featuredmedia":[{"embeddable":true,"href":"https:\/\/tort-krk.pl\/en\/wp-json\/wp\/v2\/media\/4827"}],"wp:attachment":[{"href":"https:\/\/tort-krk.pl\/en\/wp-json\/wp\/v2\/media?parent=5654"}],"wp:term":[{"taxonomy":"product_cat","embeddable":true,"href":"https:\/\/tort-krk.pl\/en\/wp-json\/wp\/v2\/product_cat?post=5654"},{"taxonomy":"product_tag","embeddable":true,"href":"https:\/\/tort-krk.pl\/en\/wp-json\/wp\/v2\/product_tag?post=5654"},{"taxonomy":"yst_prominent_words","embeddable":true,"href":"https:\/\/tort-krk.pl\/en\/wp-json\/wp\/v2\/yst_prominent_words?post=5654"}],"curies":[{"name":"wp","href":"https:\/\/api.w.org\/{rel}","templated":true}]}}