{"id":5215,"date":"2021-04-21T16:58:52","date_gmt":"2021-04-21T13:58:52","guid":{"rendered":"https:\/\/tort-krk.pl\/?post_type=product&#038;p=5215"},"modified":"2025-07-25T18:07:20","modified_gmt":"2025-07-25T15:07:20","slug":"tort-weselny-5","status":"publish","type":"product","link":"https:\/\/tort-krk.pl\/en\/product\/tort-weselny-5\/","title":{"rendered":"Wedding cake \u2116 W03"},"content":{"rendered":"<p><strong>Additional information:<\/strong><\/p>\n<p>It is possible to change the weight and size of the cake chosen<br \/>\ndue to the number of guests, also you can make another<br \/>\ndecorations that match the style of your event.<\/p>\n<p>Wedding cake (one piece)<br \/>\n-up to 50 people &#8211; 15 PLN per person<br \/>\n&#8211; up to 100 pers. &#8211; 14.50 PLN per person<br \/>\n&#8211; up to 200 pers. &#8211; 14 PLN per person<\/p>","protected":false},"excerpt":{"rendered":"<p>Cake for 37 people<br \/>\nTwo-level cake<\/p>\n<p>When placing an order, you<br \/>\ncan choose the taste of the cake.<\/p>\n","protected":false},"featured_media":3426,"template":"","meta":{"_acf_changed":false},"product_cat":[40,48],"product_tag":[],"yst_prominent_words":[],"acf":[],"wcpa_form_fields":{"rules":{"pric_overide_base_price":false,"pric_overide_base_price_if_gt_zero":false,"pric_cal_option_once":false,"pric_use_as_fee":false,"bind_quantity":false,"quantity_bind_formula":false},"fields":[{"type":"select","required":true,"elementId":"wcpa-select-1591811152340","label":"Choose the taste of the cake","priceOptions":"different_for_all","pricingType":"fixed","name":"select-1591811152340","cl_rule":"show","col":"4","values":[{"label":"Select","value":"","price":"","pimage":"","pimage_id":"","pthumb":""},{"label":"Czarny ksi\u0105\u017c\u0119 ","value":"option-2","price":"","pimage":"","pimage_id":"","pthumb":""},{"label":"Deliciz tropikal ","value":"option-1","price":"","pimage":"","pimage_id":"","pthumb":""},{"label":"Mio amore ","value":"option-4","price":"","pimage":"","pimage_id":"","pthumb":""},{"label":"Provenza ","value":"option-5","price":"","pimage":"","pimage_id":"","pthumb":""},{"label":"Coffee-Carolans ","value":"option-3","price":"","pimage":"","pimage_id":"","pthumb":""},{"label":"Orzechowa pralinka ","value":"option-6","price":"","pimage":"","pimage_id":"","pthumb":""}],"relations":false,"form_id":4245,"form_rules":{"pric_cal_option_once":false,"exclude_from_discount":false,"pric_use_as_fee":false,"fee_label":"Fee","render_after_acb":false,"disp_hide_options_price":false}},{"type":"header","subtype":"h3","label":"(GLUTEN FREE) Delikatny krem na bazie serka mascarpone i limonki z biszkoptem migda\u0142owym. Jego doskona\u0142ym dope\u0142nieniem jest tropikalne nadzienie o smaku mango.","elementId":"wcpa-header-1597011243030","className":"1","enableCl":true,"cl_rule":"show","cl_val":"option-1","col":"5","relations":[{"operator":false,"rules":[{"operator":false,"rules":{"cl_field":"wcpa-select-1591811152340","cl_relation":"is","cl_val":{"i":"2","value":"option-1"}}}]}],"form_id":4245,"form_rules":{"pric_cal_option_once":false,"exclude_from_discount":false,"pric_use_as_fee":false,"fee_label":"Fee","render_after_acb":false,"disp_hide_options_price":false}},{"type":"header","subtype":"h3","label":"Lekki krem czekoladowy z delikatnym ciastem biszkoptowym nas\u0105czonym syropem rumowym. Nadzienie deseru stanowi aksamitny cr\u00e8me br\u00fbl\u00e9e z wi\u015bni\u0105, kt\u00f3ry idealnie podkre\u015bla smak czekolady.","elementId":"wcpa-header-1597011771500","className":"9","enableCl":true,"cl_rule":"show","cl_val":"option-2","col":"5","relations":[{"operator":false,"rules":[{"operator":false,"rules":{"cl_field":"wcpa-select-1591811152340","cl_relation":"is","cl_val":{"i":"1","value":"option-2"}}}]}],"form_id":4245,"form_rules":{"pric_cal_option_once":false,"exclude_from_discount":false,"pric_use_as_fee":false,"fee_label":"Fee","render_after_acb":false,"disp_hide_options_price":false}},{"type":"header","subtype":"h3","label":"Kompozycja delikatnego musu \u015bmietankowego i pysznej lekkiej konfitury truskawkowej.","elementId":"wcpa-header-1597011768914","className":"9","enableCl":true,"cl_rule":"show","cl_val":"option-4","col":"5","relations":[{"operator":false,"rules":[{"operator":false,"rules":{"cl_field":"wcpa-select-1591811152340","cl_relation":"is","cl_val":{"i":"3","value":"option-4"}}}]}],"form_id":4245,"form_rules":{"pric_cal_option_once":false,"exclude_from_discount":false,"pric_use_as_fee":false,"fee_label":"Fee","render_after_acb":false,"disp_hide_options_price":false}},{"type":"header","subtype":"h3","label":"Kompozycja musu o smaku brzoskwiniowym i delikatnej galaretki z prowansalskiej lawendy.","elementId":"wcpa-header-1597011766504","className":"9","enableCl":true,"cl_rule":"show","cl_val":"option-5","col":"5","relations":[{"operator":false,"rules":[{"operator":false,"rules":{"cl_field":"wcpa-select-1591811152340","cl_relation":"is","cl_val":{"i":"4","value":"option-5"}}}]}],"form_id":4245,"form_rules":{"pric_cal_option_once":false,"exclude_from_discount":false,"pric_use_as_fee":false,"fee_label":"Fee","render_after_acb":false,"disp_hide_options_price":false}},{"type":"header","subtype":"h3","label":"\u015amietankowy tort na bazie likieru \u201cCarolans\u201d z mi\u0119kkim biszkoptem. Nadzienie deseru stanowi kawowy mus  idealnie podkre\u015bla smak.","elementId":"wcpa-header-1597011765726","className":"9","enableCl":true,"cl_rule":"show","cl_val":"option-3","col":"5","relations":[{"operator":false,"rules":[{"operator":false,"rules":{"cl_field":"wcpa-select-1591811152340","cl_relation":"is","cl_val":{"i":"5","value":"option-3"}}}]}],"form_id":4245,"form_rules":{"pric_cal_option_once":false,"exclude_from_discount":false,"pric_use_as_fee":false,"fee_label":"Fee","render_after_acb":false,"disp_hide_options_price":false}},{"type":"header","subtype":"h3","label":"Lekki krem czekoladowy z delikatnym chrupi\u0105cym biszkoptem. Nadzienie tortu stanowi aksamitna orzechowa pralinka, kt\u00f3ry idealnie podkre\u015bla smak czekolady.","elementId":"wcpa-header-1597011764833","className":"9","enableCl":true,"cl_rule":"show","cl_val":"option-6","col":"5","relations":[{"operator":false,"rules":[{"operator":false,"rules":{"cl_field":"wcpa-select-1591811152340","cl_relation":"is","cl_val":{"i":"6","value":"option-6"}}}]}],"form_id":4245,"form_rules":{"pric_cal_option_once":false,"exclude_from_discount":false,"pric_use_as_fee":false,"fee_label":"Fee","render_after_acb":false,"disp_hide_options_price":false}}]},"_links":{"self":[{"href":"https:\/\/tort-krk.pl\/en\/wp-json\/wp\/v2\/product\/5215"}],"collection":[{"href":"https:\/\/tort-krk.pl\/en\/wp-json\/wp\/v2\/product"}],"about":[{"href":"https:\/\/tort-krk.pl\/en\/wp-json\/wp\/v2\/types\/product"}],"wp:featuredmedia":[{"embeddable":true,"href":"https:\/\/tort-krk.pl\/en\/wp-json\/wp\/v2\/media\/3426"}],"wp:attachment":[{"href":"https:\/\/tort-krk.pl\/en\/wp-json\/wp\/v2\/media?parent=5215"}],"wp:term":[{"taxonomy":"product_cat","embeddable":true,"href":"https:\/\/tort-krk.pl\/en\/wp-json\/wp\/v2\/product_cat?post=5215"},{"taxonomy":"product_tag","embeddable":true,"href":"https:\/\/tort-krk.pl\/en\/wp-json\/wp\/v2\/product_tag?post=5215"},{"taxonomy":"yst_prominent_words","embeddable":true,"href":"https:\/\/tort-krk.pl\/en\/wp-json\/wp\/v2\/yst_prominent_words?post=5215"}],"curies":[{"name":"wp","href":"https:\/\/api.w.org\/{rel}","templated":true}]}}