{"id":4878,"date":"2021-02-12T09:02:00","date_gmt":"2021-02-12T06:02:00","guid":{"rendered":"https:\/\/tort-krk.pl\/?post_type=product&#038;p=4878"},"modified":"2022-10-28T09:22:54","modified_gmt":"2022-10-28T06:22:54","slug":"prezentowy-zestaw-xxl","status":"publish","type":"product","link":"https:\/\/tort-krk.pl\/en\/product\/prezentowy-zestaw-xxl\/","title":{"rendered":"Gift Box L"},"content":{"rendered":"<p><span style=\"font-weight: 400;\">Gift Boxy\u00a0<\/span><\/p>\n<p>&nbsp;<\/p>\n<p><span style=\"font-weight: 400;\">Nie masz pomys\u0142u na prezent a czas ju\u017c mija ? Teraz mo\u017cesz oszcz\u0119dzi\u0107 chwil\u0119 i zebra\u0107 prezent w Cukierni Braci Szewczenko.\u00a0<\/span><\/p>\n<p><span style=\"font-weight: 400;\">Wszystko co jest niezb\u0119dne dla idealnego prezentu w jednym pude\u0142ku. Pyszne desery w postaci przepi\u0119knych makaronik\u00f3w lub delikatnych zefirk\u00f3w wraz ze \u015bwie\u017cymi ci\u0119tymi kwiatami komponuj\u0105 najlepszy prezent! Opr\u00f3cz tego, do prezentu mo\u017cna doda\u0107 r\u0119cznie robion\u0105 \u015bwieczk\u0119 z naturalnych sk\u0142adnik\u00f3w.\u00a0<\/span><\/p>\n<p>&nbsp;<\/p>\n<p><span style=\"font-weight: 400;\">*Boksy uk\u0142adaj\u0105 si\u0119 z dost\u0119pnych na obecna chwile produkt\u00f3w w Cukierni. To znaczy ze smaki s\u0142odyczy oraz kwiaty i ich kolor, mo\u017ce si\u0119 wyr\u00f3\u017cnia\u0107 od tych, kt\u00f3re s\u0105 na zdj\u0119ciu.*<\/span><\/p>\n<p>&nbsp;<\/p>\n<p><span style=\"font-weight: 400;\">Je\u015bli chcesz skomponowa\u0107 w\u0142asny boks z konkretnymi kwiatami lub deserami, prosimy dzwoni\u0107 do Cukierni Braci Szewczenko, aby ustali\u0107 szczeg\u00f3\u0142y zam\u00f3wienia.<\/span><\/p>\n<p>&nbsp;<\/p>","protected":false},"excerpt":{"rendered":"<p>&#8211; flowers 17<br \/>\n&#8211; macarons 20<br \/>\nFor an individual order, please call us<\/p>\n<p>+48 737 468 378<\/p>\n","protected":false},"featured_media":4879,"template":"","meta":{"_acf_changed":false},"product_cat":[343,40],"product_tag":[],"yst_prominent_words":[],"acf":[],"wcpa_form_fields":null,"_links":{"self":[{"href":"https:\/\/tort-krk.pl\/en\/wp-json\/wp\/v2\/product\/4878"}],"collection":[{"href":"https:\/\/tort-krk.pl\/en\/wp-json\/wp\/v2\/product"}],"about":[{"href":"https:\/\/tort-krk.pl\/en\/wp-json\/wp\/v2\/types\/product"}],"wp:featuredmedia":[{"embeddable":true,"href":"https:\/\/tort-krk.pl\/en\/wp-json\/wp\/v2\/media\/4879"}],"wp:attachment":[{"href":"https:\/\/tort-krk.pl\/en\/wp-json\/wp\/v2\/media?parent=4878"}],"wp:term":[{"taxonomy":"product_cat","embeddable":true,"href":"https:\/\/tort-krk.pl\/en\/wp-json\/wp\/v2\/product_cat?post=4878"},{"taxonomy":"product_tag","embeddable":true,"href":"https:\/\/tort-krk.pl\/en\/wp-json\/wp\/v2\/product_tag?post=4878"},{"taxonomy":"yst_prominent_words","embeddable":true,"href":"https:\/\/tort-krk.pl\/en\/wp-json\/wp\/v2\/yst_prominent_words?post=4878"}],"curies":[{"name":"wp","href":"https:\/\/api.w.org\/{rel}","templated":true}]}}