{"id":4679,"date":"2020-11-27T13:49:31","date_gmt":"2020-11-27T10:49:31","guid":{"rendered":"https:\/\/tort-krk.pl\/?post_type=product&#038;p=4679"},"modified":"2025-10-13T12:51:54","modified_gmt":"2025-10-13T09:51:54","slug":"tort-z-nadrukiem","status":"publish","type":"product","link":"https:\/\/tort-krk.pl\/en\/product\/printed-cake\/","title":{"rendered":"Printed cake"},"content":{"rendered":"<p>Cake printing by downloaded<br \/>\napp is performed on edible paper.<\/p>\n<p>When placing an order, you can<br \/>\nchoose the taste of the cake.<br \/>\nTo create a cake that matches<br \/>\nyour preferences.<\/p>","protected":false},"excerpt":{"rendered":"<p>Cake printing by downloaded app is performed on edible paper. When placing an order, you can choose the taste of the cake. To create a cake that matches your preferences.<\/p>\n","protected":false},"featured_media":4500,"template":"","meta":{"_acf_changed":false},"product_cat":[350,46,45,40],"product_tag":[],"yst_prominent_words":[],"acf":[],"wcpa_form_fields":{"rules":{"pric_overide_base_price":false,"pric_overide_base_price_if_gt_zero":false,"pric_cal_option_once":false,"pric_use_as_fee":false,"bind_quantity":false,"quantity_bind_formula":false},"fields":[{"type":"checkbox-group","elementId":"wcpa-checkbox-group-6166b4038bd44","label":"","priceOptions":"different_for_all","pricingType":"fixed","name":"checkbox-group-6166b4038bd56","cl_rule":"show","col":"3","values":[{"label":"The inscription on the cake","value":"option-1","price":"3","pimage":"","pimage_id":"","pthumb":""}],"relations":false,"form_id":5439,"form_rules":{"pric_cal_option_once":false,"exclude_from_discount":false,"pric_use_as_fee":false,"fee_label":"Fee","render_after_acb":false,"disp_hide_options_price":false}},{"type":"text","elementId":"wcpa-text-6166b4038bd61","label":"","placeholder":"Content","enablePrice":true,"pricingType":"fixed","price":"5","name":"text-6166b4038bd6a","subtype":"text","maxlength":"30","enableCl":true,"cl_rule":"show","cl_val":"option-1","col":"3","relations":[{"operator":false,"rules":[{"operator":false,"rules":{"cl_field":"wcpa-checkbox-group-6166b4038bd44","cl_relation":"is","cl_val":{"i":"0","value":"option-1"}}}]}],"form_id":5439,"form_rules":{"pric_cal_option_once":false,"exclude_from_discount":false,"pric_use_as_fee":false,"fee_label":"Fee","render_after_acb":false,"disp_hide_options_price":false}},{"type":"checkbox-group","required":true,"elementId":"wcpa-checkbox-group-6166b4038bd75","label":"","priceOptions":"different_for_all","pricingType":"fixed","name":"checkbox-group-6166b4038bd7f","cl_rule":"show","col":6,"values":[{"label":"Add a photo","value":"option-1","price":"","pimage":"","pimage_id":"","pthumb":""}],"relations":false,"form_id":5439,"form_rules":{"pric_cal_option_once":false,"exclude_from_discount":false,"pric_use_as_fee":false,"fee_label":"Fee","render_after_acb":false,"disp_hide_options_price":false}},{"type":"file","required":true,"elementId":"wcpa-file-6166b4038bd88","label":"","description":"Max File Size(5 MB)","placeholder":"jpg","pricingType":"fixed","price":"50","ajax_upload":true,"uploadsize":"5","name":"file-6166b4038bd90","enableCl":true,"cl_rule":"show","cl_val":"option-1","col":6,"relations":[{"operator":false,"rules":[{"operator":false,"rules":{"cl_field":"wcpa-checkbox-group-6166b4038bd75","cl_relation":"is","cl_val":{"i":"0","value":"option-1"}}}]}],"form_id":5439,"form_rules":{"pric_cal_option_once":false,"exclude_from_discount":false,"pric_use_as_fee":false,"fee_label":"Fee","render_after_acb":false,"disp_hide_options_price":false}},{"type":"select","required":true,"elementId":"wcpa-select-6166b4038bd99","label":"","placeholder":"Photo form","priceOptions":"different_for_all","pricingType":"fixed","name":"select-6166b4038bda2","enableCl":true,"cl_rule":"show","cl_val":"option-1","col":"3","values":[{"label":"Square","value":"option-2","price":"20","pimage":"","pimage_id":"","pthumb":""},{"label":"Round","value":"option-1","price":"40","pimage":"","pimage_id":"","pthumb":""},{"label":"Rectangular","value":"option-3","price":"","pimage":"","pimage_id":"","pthumb":""}],"relations":[{"operator":false,"rules":[{"operator":false,"rules":{"cl_field":"wcpa-checkbox-group-6166b4038bd75","cl_relation":"is","cl_val":{"i":"0","value":"option-1"}}}]}],"form_id":5439,"form_rules":{"pric_cal_option_once":false,"exclude_from_discount":false,"pric_use_as_fee":false,"fee_label":"Fee","render_after_acb":false,"disp_hide_options_price":false}},{"type":"select","required":true,"elementId":"wcpa-select-6166b4038bdab","label":"","placeholder":"Photo size","enablePrice":true,"priceOptions":"different_for_all","pricingType":"fixed","name":"select-6166b4038bdb3","enableCl":true,"cl_rule":"show","cl_val":"option-1","col":"3","values":[{"label":"\u04104","value":"option-2","price":"35","pimage":"","pimage_id":"","pthumb":"","selected":true},{"label":"\u04103","value":"option-1","price":"50","pimage":"","pimage_id":"","pthumb":""}],"relations":[{"operator":false,"rules":[{"operator":false,"rules":{"cl_field":"wcpa-checkbox-group-6166b4038bd75","cl_relation":"is","cl_val":{"i":"0","value":"option-1"}}}]}],"form_id":5439,"form_rules":{"pric_cal_option_once":false,"exclude_from_discount":false,"pric_use_as_fee":false,"fee_label":"Fee","render_after_acb":false,"disp_hide_options_price":false}},{"type":"checkbox-group","elementId":"wcpa-checkbox-group-6166b4038bdbe","label":"","priceOptions":"different_for_all","pricingType":"fixed","name":"checkbox-group-6166b4038bdc8","cl_rule":"show","col":"3","values":[{"label":"Candlesticks in the form of numbers","value":"option-1","price":"","pimage":"","pimage_id":"","pthumb":""}],"relations":false,"form_id":5439,"form_rules":{"pric_cal_option_once":false,"exclude_from_discount":false,"pric_use_as_fee":false,"fee_label":"Fee","render_after_acb":false,"disp_hide_options_price":false}},{"type":"number","elementId":"wcpa-number-6166b4038bdd1","label":"","placeholder":"Specify your age","enablePrice":true,"pricingType":"per_car","price":"6.5","min":"0","max":"200","step":"1","name":"number-6166b4038bdd9","enableCl":true,"cl_rule":"show","col":"3","relations":[{"operator":false,"rules":[{"operator":false,"rules":{"cl_field":"wcpa-checkbox-group-6166b4038bdbe","cl_relation":"is_not_empty","cl_val":false}}]}],"form_id":5439,"form_rules":{"pric_cal_option_once":false,"exclude_from_discount":false,"pric_use_as_fee":false,"fee_label":"Fee","render_after_acb":false,"disp_hide_options_price":false}},{"type":"checkbox-group","elementId":"wcpa-checkbox-group-6166b4038bde4","label":"","priceOptions":"different_for_all","pricingType":"fixed","name":"checkbox-group-6166b4038bdee","cl_rule":"show","col":"3","values":[{"label":"Simple candles in a pack of 10 pcs.","value":"option-1","price":"","pimage":"","pimage_id":"","pthumb":""}],"relations":false,"form_id":5439,"form_rules":{"pric_cal_option_once":false,"exclude_from_discount":false,"pric_use_as_fee":false,"fee_label":"Fee","render_after_acb":false,"disp_hide_options_price":false}},{"type":"number","required":true,"elementId":"wcpa-number-6166b4038bdf7","label":"","placeholder":"The number of packages of 10 pcs.","enablePrice":true,"pricingType":"custom","price":"{value}*7","min":"1","max":"100","step":"1","name":"number-6166b4038bdff","enableCl":true,"cl_rule":"show","cl_val":"10","col":"3","relations":[{"operator":false,"rules":[{"operator":false,"rules":{"cl_field":"wcpa-checkbox-group-6166b4038bde4","cl_relation":"not_contains","cl_val":"10"}}]}],"form_id":5439,"form_rules":{"pric_cal_option_once":false,"exclude_from_discount":false,"pric_use_as_fee":false,"fee_label":"Fee","render_after_acb":false,"disp_hide_options_price":false}},{"type":"checkbox-group","elementId":"wcpa-checkbox-group-6166b4038be09","label":"","priceOptions":"different_for_all","pricingType":"fixed","name":"checkbox-group-6166b4038be13","cl_rule":"show","col":"3","values":[{"label":"Simple candles in a pack of 24 pcs.","value":"option-1","price":"","pimage":"","pimage_id":"","pthumb":""}],"relations":false,"form_id":5439,"form_rules":{"pric_cal_option_once":false,"exclude_from_discount":false,"pric_use_as_fee":false,"fee_label":"Fee","render_after_acb":false,"disp_hide_options_price":false}},{"type":"number","required":true,"elementId":"wcpa-number-6166b4038be1c","label":"","placeholder":"The number of packages of 24 pcs.","enablePrice":true,"pricingType":"custom","price":"{value}*10","min":"1","max":"100","step":"1","name":"number-6166b4038be24","enableCl":true,"cl_rule":"show","cl_val":"24","col":"3","relations":[{"operator":false,"rules":[{"operator":false,"rules":{"cl_field":"wcpa-checkbox-group-6166b4038be09","cl_relation":"not_contains","cl_val":"24"}}]}],"form_id":5439,"form_rules":{"pric_cal_option_once":false,"exclude_from_discount":false,"pric_use_as_fee":false,"fee_label":"Fee","render_after_acb":false,"disp_hide_options_price":false}},{"type":"checkbox-group","elementId":"wcpa-checkbox-group-6166b4038be2f","label":"","priceOptions":"different_for_all","pricingType":"fixed","name":"checkbox-group-6166b4038be39","cl_rule":"show","col":"3","values":[{"label":"Cake fountain candle","value":"option-1","price":"7","pimage":"","pimage_id":"","pthumb":""}],"relations":false,"form_id":5439,"form_rules":{"pric_cal_option_once":false,"exclude_from_discount":false,"pric_use_as_fee":false,"fee_label":"Fee","render_after_acb":false,"disp_hide_options_price":false}},{"type":"number","required":true,"elementId":"wcpa-number-6166b4038be41","label":"","placeholder":"Number of candles","enablePrice":true,"pricingType":"custom","price":"{value}*7","min":"1","max":"20","step":"1","name":"number-6166b4038be49","enableCl":true,"cl_rule":"show","cl_val":"option-1","col":"3","relations":[{"operator":false,"rules":[{"operator":false,"rules":{"cl_field":"wcpa-checkbox-group-6166b4038be2f","cl_relation":"is","cl_val":{"i":"0","value":"option-1"}}}]}],"form_id":5439,"form_rules":{"pric_cal_option_once":false,"exclude_from_discount":false,"pric_use_as_fee":false,"fee_label":"Fee","render_after_acb":false,"disp_hide_options_price":false}},{"type":"textarea","elementId":"wcpa-textarea-1635866587884","label":"Comments","pricingType":"fixed","name":"textarea-1635866587884","cl_rule":"show","col":"4","relations":false,"form_id":5439,"form_rules":{"pric_cal_option_once":false,"exclude_from_discount":false,"pric_use_as_fee":false,"fee_label":"Fee","render_after_acb":false,"disp_hide_options_price":false}},{"type":"select","required":true,"elementId":"wcpa-select-1591811152340","label":"Choose the taste of the cake","priceOptions":"different_for_all","pricingType":"fixed","name":"select-1591811152340","cl_rule":"show","col":"4","values":[{"label":"Select","value":"","price":"","pimage":"","pimage_id":"","pthumb":""},{"label":"Czarny ksi\u0105\u017c\u0119 ","value":"option-2","price":"","pimage":"","pimage_id":"","pthumb":""},{"label":"Deliciz tropikal ","value":"option-1","price":"","pimage":"","pimage_id":"","pthumb":""},{"label":"Mio amore ","value":"option-4","price":"","pimage":"","pimage_id":"","pthumb":""},{"label":"Provenza ","value":"option-5","price":"","pimage":"","pimage_id":"","pthumb":""},{"label":"Coffee-Carolans ","value":"option-3","price":"","pimage":"","pimage_id":"","pthumb":""},{"label":"Orzechowa pralinka ","value":"option-6","price":"","pimage":"","pimage_id":"","pthumb":""}],"relations":false,"form_id":4245,"form_rules":{"pric_cal_option_once":false,"exclude_from_discount":false,"pric_use_as_fee":false,"fee_label":"Fee","render_after_acb":false,"disp_hide_options_price":false}},{"type":"header","subtype":"h3","label":"(GLUTEN FREE) Delikatny krem na bazie serka mascarpone i limonki z biszkoptem migda\u0142owym. Jego doskona\u0142ym dope\u0142nieniem jest tropikalne nadzienie o smaku mango.","elementId":"wcpa-header-1597011243030","className":"1","enableCl":true,"cl_rule":"show","cl_val":"option-1","col":"5","relations":[{"operator":false,"rules":[{"operator":false,"rules":{"cl_field":"wcpa-select-1591811152340","cl_relation":"is","cl_val":{"i":"2","value":"option-1"}}}]}],"form_id":4245,"form_rules":{"pric_cal_option_once":false,"exclude_from_discount":false,"pric_use_as_fee":false,"fee_label":"Fee","render_after_acb":false,"disp_hide_options_price":false}},{"type":"header","subtype":"h3","label":"Lekki krem czekoladowy z delikatnym ciastem biszkoptowym nas\u0105czonym syropem rumowym. Nadzienie deseru stanowi aksamitny cr\u00e8me br\u00fbl\u00e9e z wi\u015bni\u0105, kt\u00f3ry idealnie podkre\u015bla smak czekolady.","elementId":"wcpa-header-1597011771500","className":"9","enableCl":true,"cl_rule":"show","cl_val":"option-2","col":"5","relations":[{"operator":false,"rules":[{"operator":false,"rules":{"cl_field":"wcpa-select-1591811152340","cl_relation":"is","cl_val":{"i":"1","value":"option-2"}}}]}],"form_id":4245,"form_rules":{"pric_cal_option_once":false,"exclude_from_discount":false,"pric_use_as_fee":false,"fee_label":"Fee","render_after_acb":false,"disp_hide_options_price":false}},{"type":"header","subtype":"h3","label":"Kompozycja delikatnego musu \u015bmietankowego i pysznej lekkiej konfitury truskawkowej.","elementId":"wcpa-header-1597011768914","className":"9","enableCl":true,"cl_rule":"show","cl_val":"option-4","col":"5","relations":[{"operator":false,"rules":[{"operator":false,"rules":{"cl_field":"wcpa-select-1591811152340","cl_relation":"is","cl_val":{"i":"3","value":"option-4"}}}]}],"form_id":4245,"form_rules":{"pric_cal_option_once":false,"exclude_from_discount":false,"pric_use_as_fee":false,"fee_label":"Fee","render_after_acb":false,"disp_hide_options_price":false}},{"type":"header","subtype":"h3","label":"Kompozycja musu o smaku brzoskwiniowym i delikatnej galaretki z prowansalskiej lawendy.","elementId":"wcpa-header-1597011766504","className":"9","enableCl":true,"cl_rule":"show","cl_val":"option-5","col":"5","relations":[{"operator":false,"rules":[{"operator":false,"rules":{"cl_field":"wcpa-select-1591811152340","cl_relation":"is","cl_val":{"i":"4","value":"option-5"}}}]}],"form_id":4245,"form_rules":{"pric_cal_option_once":false,"exclude_from_discount":false,"pric_use_as_fee":false,"fee_label":"Fee","render_after_acb":false,"disp_hide_options_price":false}},{"type":"header","subtype":"h3","label":"\u015amietankowy tort na bazie likieru \u201cCarolans\u201d z mi\u0119kkim biszkoptem. Nadzienie deseru stanowi kawowy mus  idealnie podkre\u015bla smak.","elementId":"wcpa-header-1597011765726","className":"9","enableCl":true,"cl_rule":"show","cl_val":"option-3","col":"5","relations":[{"operator":false,"rules":[{"operator":false,"rules":{"cl_field":"wcpa-select-1591811152340","cl_relation":"is","cl_val":{"i":"5","value":"option-3"}}}]}],"form_id":4245,"form_rules":{"pric_cal_option_once":false,"exclude_from_discount":false,"pric_use_as_fee":false,"fee_label":"Fee","render_after_acb":false,"disp_hide_options_price":false}},{"type":"header","subtype":"h3","label":"Lekki krem czekoladowy z delikatnym chrupi\u0105cym biszkoptem. Nadzienie tortu stanowi aksamitna orzechowa pralinka, kt\u00f3ry idealnie podkre\u015bla smak czekolady.","elementId":"wcpa-header-1597011764833","className":"9","enableCl":true,"cl_rule":"show","cl_val":"option-6","col":"5","relations":[{"operator":false,"rules":[{"operator":false,"rules":{"cl_field":"wcpa-select-1591811152340","cl_relation":"is","cl_val":{"i":"6","value":"option-6"}}}]}],"form_id":4245,"form_rules":{"pric_cal_option_once":false,"exclude_from_discount":false,"pric_use_as_fee":false,"fee_label":"Fee","render_after_acb":false,"disp_hide_options_price":false}}]},"_links":{"self":[{"href":"https:\/\/tort-krk.pl\/en\/wp-json\/wp\/v2\/product\/4679"}],"collection":[{"href":"https:\/\/tort-krk.pl\/en\/wp-json\/wp\/v2\/product"}],"about":[{"href":"https:\/\/tort-krk.pl\/en\/wp-json\/wp\/v2\/types\/product"}],"wp:featuredmedia":[{"embeddable":true,"href":"https:\/\/tort-krk.pl\/en\/wp-json\/wp\/v2\/media\/4500"}],"wp:attachment":[{"href":"https:\/\/tort-krk.pl\/en\/wp-json\/wp\/v2\/media?parent=4679"}],"wp:term":[{"taxonomy":"product_cat","embeddable":true,"href":"https:\/\/tort-krk.pl\/en\/wp-json\/wp\/v2\/product_cat?post=4679"},{"taxonomy":"product_tag","embeddable":true,"href":"https:\/\/tort-krk.pl\/en\/wp-json\/wp\/v2\/product_tag?post=4679"},{"taxonomy":"yst_prominent_words","embeddable":true,"href":"https:\/\/tort-krk.pl\/en\/wp-json\/wp\/v2\/yst_prominent_words?post=4679"}],"curies":[{"name":"wp","href":"https:\/\/api.w.org\/{rel}","templated":true}]}}