{"id":3309,"date":"2020-04-07T19:58:20","date_gmt":"2020-04-07T16:58:20","guid":{"rendered":"https:\/\/tort-krk.pl\/?page_id=3309"},"modified":"2022-08-17T23:48:55","modified_gmt":"2022-08-17T20:48:55","slug":"privacy-policy-2","status":"publish","type":"page","link":"https:\/\/tort-krk.pl\/en\/privacy-policy-2\/","title":{"rendered":"Privacy policy"},"content":{"rendered":"<p><strong>Polityka prywatno\u015bci<\/strong><br \/>\nI.OCHRONA DANYCH OSOBOWYCH<br \/>\n1. LILIIA KHOMENKO przywi\u0105zuje szczeg\u00f3ln\u0105 uwag\u0119 do ochrony danych osobowych. Postanowienia Polityki Prywatno\u015bci LILIIA KHOMENKO s\u0105 zgodne z aktualnie obowi\u0105zuj\u0105cymi przepisami prawa z zakresu ochrony danych osobowych, tj. z Rozporz\u0105dzeniem Parlamentu Europejskiego i Rady nr 2016\/679 z dnia 27 kwietnia 2016 r. w sprawie ochrony os\u00f3b fizycznych w zwi\u0105zku z przetwarzaniem danych osobowych i w sprawie swobodnego przep\u0142ywu takich danych oraz uchylenia dyrektywy 95\/46\/WE, czyli tzw. RODO oraz z ustaw\u0105 z dnia 10 maja 2018 roku o ochronie danych osobowych.<br \/>\n2. Administratorem danych osobowych jest: Liliia Khomenko<br \/>\nul. Rynek Kleparski 14,\u00a031-150 Krak\u00f3w\u00a0NIP: 6772480925\u00a0REGON: 52250959.<br \/>\n3. Podmiotem przetwarzaj\u0105cym w rozumieniu RODO, tj. przetwarzaj\u0105cym dane osobowe w imieniu Administratora na podstawie zawartej w my\u015bl art. 28 RODO umowy powierzenia przetwarzania danych w zakresie danych osobowych zbieranych przy sk\u0142adaniu zam\u00f3wie\u0144 kierowanych za pomoc\u0105 sklepu internetowego Liliia Khomenko pod adresem www.tort-krk.pl jest Liliia Khomenko<br \/>\n4. Liliia Khomenko b\u0119dzie zbiera\u0107 nast\u0119puj\u0105ce dane osobowe dla realizacji zam\u00f3wienia: imi\u0119 i nazwisko, dane firmy, w kt\u00f3rej dana osoba fizyczna jest zatrudniona\/z kt\u00f3r\u0105 wsp\u00f3\u0142pracuje w zakresie niezb\u0119dnym dla realizacji zam\u00f3wienia (NIP, nazwa firmy, adres firmy), adres e-mail oraz numery telefon\u00f3w i adres dostawy, za\u015b w przypadku danych osobowych zbieranych dla cel\u00f3w marketingowych, s\u0105 to nast\u0119puj\u0105ce dane osobowe: imi\u0119 i nazwisko, adres e-mail, numer telefonu.<br \/>\n5. Liliia Khomenko o\u015bwiadcza, i\u017c zbierane dane osobowe przetwarzane b\u0119d\u0105 zgodnie z obowi\u0105zuj\u0105cym prawem, w spos\u00f3b rzetelny i przejrzysty, od osoby, kt\u00f3rej dane dotycz\u0105.<br \/>\n6. Je\u015bli udzielili\u015bcie Pa\u0144stwo zgody w formularzu internetowym Liliia Khomenko na zbieranie danych dla cel\u00f3w marketingowych, dane osobowe przetwarzane w tym celu b\u0119d\u0105 wykorzystywane przez Liliia Khomenko dla utrzymywania kontaktu za pomoc\u0105 regularnej i nieregularnej<br \/>\nkomunikacji poprzez wykorzystanie komunikacji telefonicznej, za pomoc\u0105 poczty elektronicznej oraz listownej. Dane osobowe, zebrane i przetwarzane przez Liliia Khomenko b\u0119d\u0105 przechowywane w formie umo\u017cliwiaj\u0105cej identyfikacj\u0119 osoby, kt\u00f3rej dane dotycz\u0105, w okresie obowi\u0105zywania zgody na przetwarzanie danych w tym celu.. Podstaw\u0105 prawn\u0105 takiego przetwarzania jest udzielona przez Pa\u0144stwa zgoda (Artyku\u0142 6 ust. 1 a) RODO).<br \/>\n7. W przypadku danych osobowych zbieranych celem z\u0142o\u017cenia i realizacji zam\u00f3wienia handlowego, a zatem w celu wykonania umowy zwi\u0105zanej ze z\u0142o\u017conym zam\u00f3wieniem te dane osobowe b\u0119d\u0105 przetwarzane przez okres niezb\u0119dny do realizacji zam\u00f3wienia oraz przez okres ustawowo przewidziany w celu zg\u0142oszenia przez Pa\u0144stwa ew. roszcze\u0144 wzgl\u0119dem Liliia Khomenko i\/lub roszcze\u0144 Liliia Khomenko wzgl\u0119dem Pa\u0144stwa. Podstaw\u0105 takiego przetwarzania jest niezb\u0119dno\u015b\u0107 przetwarzania dla wykonania umowy zakupu w Liliia Khomenko, kt\u00f3rej stron\u0105 jest osoba, kt\u00f3rej dane dotycz\u0105 (Artyku\u0142 6 ust. 1 b RODO), a tak\u017ce ochrona prawnie uzasadnionych interes\u00f3w realizowanych przez Liliia Khomenko, tj. w celu obs\u0142ugi reklamacji (podstawa prawna przetwarzania \u2013 Artyku\u0142 6 ust. 1 lit b RODO \u2013 niezb\u0119dno\u015b\u0107 przewa\u017cania do wykonania umowy), oraz w celu ewentualnego ustalenia i dochodzenia roszcze\u0144 lub obrony przed nimi \u2013 podstaw\u0105 prawn\u0105 przetwarzania jest uzasadniony interes Liliia Khomenko (Artyku\u0142 6 ust. 1 lit f RODO) polegaj\u0105cy na ochronie praw Wyszukane Desery Braci Szewczenko Sp. z o.o. Podanie danych osobowych celem z\u0142o\u017cenia i realizacji zam\u00f3wienia handlowego jest wymogiem umownym, warunkiem zawarcia umowy z Liliia Khomenko, jeste\u015bcie Pa\u0144stwo zobowi\u0105zani do ich podania w celu z\u0142o\u017cenia i realizacji zam\u00f3wienia, a je\u015bli nie podacie Pa\u0144stwo wymaganych danych, zam\u00f3wienie nie b\u0119dzie mog\u0142o zosta\u0107 przyj\u0119te i zrealizowane przez Liliia Khomenko.<br \/>\n8. Liliia Khomenko dba o zachowanie bezpiecze\u0144stwa i poufno\u015bci Pa\u0144stwa danych osobowych oraz zagwarantowanie realizacji Pa\u0144stwa uprawnie\u0144, zgodnie z obowi\u0105zuj\u0105cymi przepisami dotycz\u0105cymi ochrony danych osobowych. Przekazuj\u0105c Liliia Khomenko dane osobowe, ka\u017cda osoba ma prawo do:<br \/>\n9. a) \u017c\u0105dania od Liliia Khomenko dost\u0119pu do udost\u0119pnionych danych osobowych (w tym uzyskania kopii danych podlegaj\u0105cych przetwarzaniu, tak\u017ce w formie elektronicznej); ich sprostowania (je\u015bli te dane znajduj\u0105ce si\u0119 w posiadaniu Liliia Khomenko s\u0105 niedok\u0142adne lub niekompletne), (je\u015bli przetwarzanie danych osobowych opiera\u0142o si\u0119 na podstawie Pa\u0144stwa zgody, np. je\u015bli te dane nie s\u0105 ju\u017c niezb\u0119dne do cel\u00f3w, w kt\u00f3rych zosta\u0142y zebrane, a Liliia Khomenko nie ma podstaw do ich przetwarzania, np. na podstawie Pana\/Pani zgody albo do realizacji obowi\u0105zku prawnego, dane osobowe s\u0105 przetwarzane niezgodnie z prawem) lub do wniesienia sprzeciwu wobec przetwarzania (dotycz\u0105cego przetwarzania Pana\/Pani danych osobowych w ramach prawnie uzasadnionych interes\u00f3w Liliia Khomenko, z przyczyn zwi\u0105zanych z Pana\/ Pani szczeg\u00f3ln\u0105 sytuacj\u0105) oraz prawo do ograniczenia przetwarzania w nast\u0119puj\u0105cych przypadkach (przy sk\u0142adaniu wniosku nale\u017cy wskaza\u0107 jeden z poni\u017cszych przypadk\u00f3w):<\/p>\n<p>\u2022 je\u015bli ma Pan\/Pani zastrze\u017cenia co do prawid\u0142owo\u015bci swoich danych \u2013 na okres pozwalaj\u0105cy Liliia Khomenko sprawdzi\u0107 prawid\u0142owo\u015b\u0107 tych danych;<br \/>\n\u2022 je\u015bli Pan\/Pani uwa\u017ca, \u017ce przetwarzanie jest niezgodne z prawem, ale jednocze\u015bnie nie chce Pan\/Pani, aby\u015bmy je usun\u0119li, lecz \u017c\u0105da Pan\/Pani w zamian ograniczenia ich wykorzystania;<br \/>\n\u2022 je\u015bli Pana\/Pani dane osobowe nie s\u0105 ju\u017c nam potrzebne, natomiast potrzebuje ich Pan\/Pani w zwi\u0105zku z dochodzeniem, ustaleniem lub obron\u0105 swoich roszcze\u0144;<br \/>\n\u2022 je\u015bli wyrazi\u0142 Pan\/Pani sprzeciw wobec przetwarzania swoich danych, a naszym obowi\u0105zkiem jest sprawdzenie, czy powinni\u015bmy je dalej przetwarza\u0107, na czas potrzebny dla takiego sprawdzenia.<br \/>\n1. b) cofni\u0119cia zgody w dowolnym momencie bez wp\u0142ywu na zgodno\u015b\u0107 z prawem przetwarzania, kt\u00f3rego dokonano na podstawie zgody przed jej cofni\u0119ciem, je\u017celi przetwarzanie odbywa si\u0119 na podstawie zgody osoby, kt\u00f3rej dane dotycz\u0105;<br \/>\n2. d) wniesienia skargi do organu nadzorczego (Prezesa Urz\u0119du Ochrony Danych Osobowych);<br \/>\n3. Wszystkie wskazane powy\u017cej uprawnienia mo\u017cecie Pa\u0144stwo realizowa\u0107 zgodnie z Artyku\u0142ami od 15 do 21 RODO.<br \/>\n4. Mo\u017ce Pan\/Pani skorzysta\u0107 ze swoich uprawnie\u0144 poprzez z\u0142o\u017cenie odpowiedniej<br \/>\n5. dyspozycji w siedzibie Liliia Khomenko (ul. Rynek Kleparski 14, 31-150 Krak\u00f3w), za po\u015brednictwem poczty tradycyjnej lub elektronicznej, a w przypadku cofni\u0119cia zgody za pomoc\u0105 specjalnych formularzy umieszczonych na naszych stronach internetowych.<br \/>\n6. Liliia Khomenko w terminie miesi\u0105ca od otrzymania dyspozycji \u2013 udzieli Panu\/ Pani informacji o dzia\u0142aniach<\/p>\n<p>podj\u0119tych w zwi\u0105zku z Pana\/Pani \u017c\u0105daniem. W razie potrzeby termin realizacji Pana\/Pani \u017c\u0105dania mo\u017ce zosta\u0107 przed\u0142u\u017cony o kolejne dwa miesi\u0105ce z uwagi na skomplikowany charakter \u017c\u0105dania lub liczb\u0119 zg\u0142oszonych \u017c\u0105da\u0144.<br \/>\n7. W celu realizacji Pana\/Pani \u017c\u0105dania, jeste\u015bmy uprawnieni do weryfikacji Pana\/ Pani to\u017csamo\u015bci, aby Pana\/Pani dane nie trafi\u0142y do nieuprawnionej osoby.<br \/>\n8. Je\u017celi Pana\/Pani \u017c\u0105danie okaza\u0142oby si\u0119 ewidentnie nieuzasadnione lub nadmierne, w szczeg\u00f3lno\u015bci ze wzgl\u0119du na sw\u00f3j nagminny charakter, Liliia Khomenko mo\u017ce za\u017c\u0105da\u0107 uzasadnionej op\u0142aty za realizacj\u0119 wniosku albo odm\u00f3wi\u0107 podj\u0119cia dzia\u0142a\u0144 w zwi\u0105zku z \u017c\u0105daniem.<br \/>\n9. Powy\u017csze uprawnienia przys\u0142uguj\u0105 r\u00f3wnie\u017c w przypadku, je\u017celi Liliia Khomenko planowa\u0107 b\u0119dzie dalej przetwarzanie danych osobowych w celu innym ni\u017c cel, w kt\u00f3rym dane osobowe zosta\u0142y zebrane. W\u00f3wczas przed takim dalszym przetwarzaniem Liliia Khomenko informuje osob\u0119, kt\u00f3rej dane dotycz\u0105, o tym innym celu oraz udziela jej<br \/>\n\u0328<br \/>\nwszelkich innych stosownych informacji, o przys\u0142uguj\u0105cych jej<br \/>\nuprawnieniach.<br \/>\n10. W celu realizowania dzia\u0142a\u0144 marketingowych Liliia Khomenko\u00a0wykorzystuje profilowanie oferowane przez portale spo\u0142eczno\u015bciowe, aby\u015bcie Pa\u0144stwo dostawali informacj\u0119 handlow\u0105 od Liliia Khomenko dostosowan\u0105 do Pa\u0144stwa potrzeb i preferencji. W pozosta\u0142ym zakresie Pa\u0144stwa dane osobowe nie b\u0119d\u0105 profilowane.<br \/>\n11. Wszelkie dane osobowe zbierane przez Liliia Khomenko b\u0119d\u0105 uzyskiwane dobrowolnie i za zgod\u0105 osoby, kt\u00f3rej dotycz\u0105, w celu zapewnienia najwy\u017cszej jako\u015bci us\u0142ug. Ka\u017cda zgoda udzielona zostanie w spos\u00f3b dobrowolny, konkretny, \u015bwiadomy i jednoznaczny. Liliia Khomenko zobowi\u0105zuje si\u0119 do zachowania bezpiecze\u0144stwa i poufno\u015bci informacji dotycz\u0105cych os\u00f3b odwiedzaj\u0105cych stron\u0119 internetow\u0105 oraz do niewykorzystywania ich w \u017cadnej og\u00f3lnie dost\u0119pnej bazie danych ani do cel\u00f3w marketingowych w stosunku do podmiot\u00f3w trzecich.<br \/>\n12. Liliia Khomenko przetwarza dane osobowe w spos\u00f3b zapewniaj\u0105cy odpowiedni bezpiecze\u0144stwo danych osobowych, w tym ochron\u0119 przed niedozwolonym lub niezgodnym z prawem przetwarzaniem oraz przypadkow\u0105 utrat\u0105, zniszczeniem lub uszkodzeniem przy pomocy odpowiednich \u015brodk\u00f3w technicznych lub organizacyjnych<br \/>\n13. POLITYKA COOKIES<\/p>\n<p>14. Szczeg\u00f3\u0142owa Polityka Cookies znajduje si\u0119 na stronie www.tort-krk.pl pod zak\u0142adk\u0105: POLITYKA COOKIES. Cookies s\u0105 ma\u0142ymi plikami tekstowymi, kt\u00f3re s\u0105 przechowywane przez przegl\u0105dark\u0119 komputera na twardym dysku komputera. Strony internetowe www.tort-krk.pl nale\u017c\u0105ce do Liliia Khomenko u\u017cywaj\u0105 technologii cookies. Cookies s\u0105 wykorzystywane przez strony internetowe www.tort-krk.pl w celu spersonalizowania tre\u015bci. Ich rol\u0105 jest poprawa dzia\u0142ania strony internetowej, nie udost\u0119pniamy informacji pozyskanych przy u\u017cyciu tej technologii podmiotom trzecim. U\u017cytkownik odwiedzaj\u0105cy stron\u0119 internetow\u0105 zawsze mo\u017ce aktywowa\u0107 b\u0105d\u017a dezaktywowa\u0107 cookies, co jednak mo\u017ce ograniczy\u0107 mo\u017cliwo\u015b\u0107 korzystania z niekt\u00f3rych funkcjonalno\u015bci strony internetowej.<br \/>\n15.<br \/>\nIII. POSTANOWIENIA R\u00d3\u017bNE<br \/>\n16. Liliia Khomenko\u00a0jest w\u0142a\u015bcicielem strony internetowej: www.tort-krk.pl i posiada pe\u0142ni\u0119 praw autorskich do wy\u017cej wymienionej strony internetowej.<br \/>\n17. Postanowienia Polityki Prywatno\u015bci Liliia Khomenko obowi\u0105zuj\u0105 ka\u017cdego u\u017cytkownika odwiedzaj\u0105cego lub\/i korzystaj\u0105cego z wy\u017cej wymienionej strony internetowej.<br \/>\n18. Liliia Khomenko nie ponosi odpowiedzialno\u015bci za zawarto\u015b\u0107 zewn\u0119trznych link\u00f3w w stosunku do os\u00f3b trzecich. S\u0105 one zarz\u0105dzane tylko i wy\u0142\u0105cznie przez swoich operator\u00f3w lub swoich administrator\u00f3w.<br \/>\n19. Strona internetowa www.tort-krk.pl b\u0119dzie promowana w mediach spo\u0142eczno\u015bciowych (Facebook, Instagram, Pinterest, YouTube, Snapchat i inne). Ka\u017cdy u\u017cytkownik strony korzystaj\u0105c z aplikacji medi\u00f3w spo\u0142eczno\u015bciowych, plug-ins, przycisk\u00f3w \u2018Lubi\u0119\u2019\/\u2019Nie lubi\u0119\u2019 oraz z innych powi\u0105zanych z ni\u0105 funkcji udost\u0119pnianych przez media spo\u0142eczno\u015bciowe wyra\u017ca zgod\u0119 na ich \u2018Warunki korzystania z serwisu\u2019 oraz \u2018Polityk\u0119 prywatno\u015bci\u2019. Liliia Khomenko nie ponosi odpowiedzialno\u015bci za dzia\u0142ania medi\u00f3w spo\u0142eczno\u015bciowych, w tym zastosowane przez nie profilowanie.<br \/>\n20. Postanowienia Polityki Prywatno\u015bci Liliia Khomenko mog\u0105 by\u0107 zmieniane tylko i wy\u0142\u0105cznie przez Liliia Khomenko w dowolnym momencie. Liliia Khomenko posiada pe\u0142ni\u0119 praw autorskich do stron internetowych www.tort-krk.pl. Wy\u017cej wymienione zmiany b\u0119d\u0105 publikowane na stronie internetowej www.tort-krk.pl, w zwi\u0105zku z czym istnieje mo\u017cliwo\u015b\u0107 sprawdzenia i wydrukowania aktualnie obowi\u0105zuj\u0105cej wersji w dowolnym momencie.<\/p>\n<p>Je\u017celi odwiedzaj\u0105cy stron\u0119 internetow\u0105 nie wyra\u017ca zgody na wy\u017cej wymienione postanowienia, powinien natychmiast opu\u015bci\u0107 stron\u0119 internetow\u0105.<br \/>\n21. Kontakt: wyszukane.desery@gmail.com<br \/>\n1. Sklep internetowy przetwarza Pani\/Pana dane osobowe w nast\u0119puj\u0105cych celach: przekazania Pani\/Pana danych osobowych do ING Banku \u015al\u0105skiego S.A. (\u201eBank\u201d) w zwi\u0105zku z:<br \/>\n\u015bwiadczeniem przez Bank na rzecz Sklepu internetowego us\u0142ugi udost\u0119pnienia infrastruktury do obs\u0142ugi p\u0142atno\u015bci przez Internet (podstawa prawna:<br \/>\nart. 6 ust. 1 lit. f) Rozporz\u0105dzenia).<br \/>\nobs\u0142ug\u0105 i rozliczaniem przez Bank p\u0142atno\u015bci dokonywanych przez klient\u00f3w Sklepu internetowego przez Internet przy u\u017cyciu instrument\u00f3w p\u0142atniczych<br \/>\n(podstawa prawna: art. 6 ust. 1 lit. f) Rozporz\u0105dzenia).<br \/>\nw celu weryfikacji przez Bank nale\u017cytego wykonania um\u00f3w zawartych ze Sklepem internetowym, w szczeg\u00f3lno\u015bci zapewnienia ochrony interes\u00f3w p\u0142atnik\u00f3w w zwi\u0105zku ze sk\u0142adanymi przez nich reklamacjami (podstawa prawna:<br \/>\nart. 6 ust. 1 lit. f) Rozporz\u0105dzenia).<br \/>\nprzekazania Pani\/Pana danych osobowych do Twisto Polska sp. z o.o. w zwi\u0105zku z mo\u017cliwo\u015bci\u0105 zaproponowania dokonania zap\u0142aty za nabyty towar lub us\u0142ug\u0119 przez Twisto Polska sp. z o.o. w ramach umowy zlecenia obejmuj\u0105cej formu\u0142\u0119 zakupow\u0105 \u201eKup z Twisto\u201d i udost\u0119pnieniem tej formu\u0142y zakupowej przez Sklep internetowy, a tak\u017ce celu weryfikacji przez Twisto Polska Sp. z o.o. nale\u017cytego wykonania takich um\u00f3w zlecenie (podstawa prawna: art. 6 ust. 1 lit. f) Rozporz\u0105dzenia).<br \/>\n2. W zwi\u0105zku z przetwarzaniem danych osobowych w celach okre\u015blonych w ust. 3 i 4, Pani\/Pana dane osobowe mog\u0105 zosta\u0107 udost\u0119pnione przez Sklep internetowy innym odbiorcom lub kategoriom odbiorc\u00f3w danych osobowych, kt\u00f3rymi mog\u0105 by\u0107:<br \/>\nING Bank \u015al\u0105ski S.A. Twisto Polska sp. z o.o.<\/p>\n<p>3. W przypadku, gdy podanie przez Pani\u0105\/Pana danych osobowych nast\u0119puje w celu zawarcia umowy ze Sklepem internetowym, podanie przez Pani\u0105\/Pana danych osobowych jest warunkiem zawarcia tej Umowy. Podanie danych osobowych w tej sytuacji jest dobrowolne, jednak konsekwencj\u0105 niepodania tych danych b\u0119dzie brak mo\u017cliwo\u015bci zawarcia umowy ze Sklepem internetowym.<br \/>\nW przypadku, gdy podanie przez Pani\u0105\/Pana danych osobowych nast\u0119puje w celu przekazania Pani\/Pana danych osobowych do Twisto Polska sp. z o.o. przed zawarciem umowy sprzeda\u017cy towaru (lub us\u0142ugi) nabywanego w Sklepie internetowym, przekazanie tych danych jest warunkiem zawarcia umowy sprzeda\u017cy w zwi\u0105zku modelem biznesowym prowadzenia dzia\u0142alno\u015bci przyj\u0119tym przez Sklep internetowy.<br \/>\nW przypadku przekazania Pani\/Pana danych osobowych do Banku w zwi\u0105zku z obs\u0142ug\u0105 i rozliczaniem p\u0142atno\u015bci dokonywanych przez Pani\u0105\/Pana p\u0142atno\u015bci na rzecz Sklepu internetowego przez Internet przy u\u017cyciu instrument\u00f3w p\u0142atniczych, podanie danych jest wymagane w celu realizacji p\u0142atno\u015bci i przekazania potwierdzenia jej dokonania przez Bank na rzecz Sklepu internetowego.<br \/>\nW przypadku przekazania Pani\/Pana danych osobowych do Banku w celu weryfikacji przez Bank nale\u017cytego wykonania um\u00f3w zawartych ze Sklepem internetowym, w szczeg\u00f3lno\u015bci zapewnienia ochrony interes\u00f3w p\u0142atnik\u00f3w w zwi\u0105zku ze sk\u0142adanymi przez nich reklamacjami podanie tych danych jest wymagane w celu umo\u017cliwienia realizacji umowy zawartej pomi\u0119dzy Sklepem internetowym a Bankiem.<br \/>\nW przypadku przekazania Pani\/Pana danych osobowych do Twisto Polska sp. z o.o. w zwi\u0105zku z mo\u017cliwo\u015bci\u0105 zaproponowania Pani\/Panu dokonania zap\u0142aty ceny za nabyty przez Pani\u0105\/Pana towar lub us\u0142ug\u0119 przez Twisto Polska sp. z o.o. w ramach umowy zlecenia obejmuj\u0105cej formu\u0142\u0119 zakupow\u0105 \u201eKup z Twisto\u201d i udost\u0119pnieniem tej formu\u0142y przez Sklep internetowy, podanie tych danych i przetwarzanie ich w tym celu jest wymagane w zwi\u0105zku modelem biznesowym prowadzenia dzia\u0142alno\u015bci przyj\u0119tym przez Sklep internetowy i w celu realizacji umowy zawartej pomi\u0119dzy Sklepem internetowym a Twisto Polska Sp. z o.o.[\/vc_column_text][\/vc_column][\/vc_row]<\/p>\n","protected":false},"excerpt":{"rendered":"<p>Polityka prywatno\u015bci I.OCHRONA DANYCH OSOBOWYCH 1. LILIIA KHOMENKO przywi\u0105zuje szczeg\u00f3ln\u0105 uwag\u0119 do ochrony danych osobowych. Postanowienia Polityki Prywatno\u015bci LILIIA KHOMENKO s\u0105 zgodne z aktualnie obowi\u0105zuj\u0105cymi przepisami prawa z zakresu ochrony danych osobowych, tj. z Rozporz\u0105dzeniem Parlamentu Europejskiego i Rady nr 2016\/679 z dnia 27 kwietnia 2016 r. w sprawie ochrony os\u00f3b fizycznych w zwi\u0105zku z [&hellip;]<\/p>\n","protected":false},"author":263,"featured_media":0,"parent":0,"menu_order":0,"comment_status":"closed","ping_status":"closed","template":"","meta":{"_acf_changed":false,"footnotes":""},"yst_prominent_words":[96,97,98,99,100,101,102,103,104,106,90,107,91,108,92,243,93,244,94,95],"acf":[],"_links":{"self":[{"href":"https:\/\/tort-krk.pl\/en\/wp-json\/wp\/v2\/pages\/3309"}],"collection":[{"href":"https:\/\/tort-krk.pl\/en\/wp-json\/wp\/v2\/pages"}],"about":[{"href":"https:\/\/tort-krk.pl\/en\/wp-json\/wp\/v2\/types\/page"}],"author":[{"embeddable":true,"href":"https:\/\/tort-krk.pl\/en\/wp-json\/wp\/v2\/users\/263"}],"replies":[{"embeddable":true,"href":"https:\/\/tort-krk.pl\/en\/wp-json\/wp\/v2\/comments?post=3309"}],"version-history":[{"count":4,"href":"https:\/\/tort-krk.pl\/en\/wp-json\/wp\/v2\/pages\/3309\/revisions"}],"predecessor-version":[{"id":5966,"href":"https:\/\/tort-krk.pl\/en\/wp-json\/wp\/v2\/pages\/3309\/revisions\/5966"}],"wp:attachment":[{"href":"https:\/\/tort-krk.pl\/en\/wp-json\/wp\/v2\/media?parent=3309"}],"wp:term":[{"taxonomy":"yst_prominent_words","embeddable":true,"href":"https:\/\/tort-krk.pl\/en\/wp-json\/wp\/v2\/yst_prominent_words?post=3309"}],"curies":[{"name":"wp","href":"https:\/\/api.w.org\/{rel}","templated":true}]}}